{"id":6799,"date":"2024-04-02T07:32:54","date_gmt":"2024-04-02T07:32:54","guid":{"rendered":"https:\/\/indigodogon.com\/?post_type=product&#038;p=6799"},"modified":"2024-05-08T06:40:06","modified_gmt":"2024-05-08T06:40:06","slug":"stamped-designs-2","status":"publish","type":"product","link":"https:\/\/indigodogon.com\/fr\/produit\/stamped-designs-2\/","title":{"rendered":"Dessins estamp\u00e9s 2"},"content":{"rendered":"","protected":false},"excerpt":{"rendered":"<p><strong>Mod\u00e8les estamp\u00e9s<\/strong><\/p>\n<p>Nos textiles sont vendus au m\u00e8tre.\u00a0 Un m\u00e8tre = 1,093 yards<\/p>\n<p>Les prix au m\u00e8tre varient en fonction du type de tissu s\u00e9lectionn\u00e9 et s'appliquent \u00e0 tous les mod\u00e8les pr\u00e9sent\u00e9s.\u00a0 Les tissages plus lourds tels que les bandes assembl\u00e9es et les tissus monoblocs \u00e0 4 fils conviennent mieux \u00e0 des fins de rembourrage.<\/p>\n<p>Prix \u200b\u200ben USD.<\/p>","protected":false},"featured_media":6764,"comment_status":"open","ping_status":"closed","template":"","meta":[],"product_brand":[],"product_cat":[126,50],"product_tag":[],"class_list":{"0":"post-6799","1":"product","2":"type-product","3":"status-publish","4":"has-post-thumbnail","6":"product_cat-stamped-design","7":"product_cat-textiles","9":"first","10":"instock","11":"shipping-taxable","12":"purchasable","13":"product-type-variable"},"_links":{"self":[{"href":"https:\/\/indigodogon.com\/fr\/wp-json\/wp\/v2\/product\/6799","targetHints":{"allow":["GET"]}}],"collection":[{"href":"https:\/\/indigodogon.com\/fr\/wp-json\/wp\/v2\/product"}],"about":[{"href":"https:\/\/indigodogon.com\/fr\/wp-json\/wp\/v2\/types\/product"}],"replies":[{"embeddable":true,"href":"https:\/\/indigodogon.com\/fr\/wp-json\/wp\/v2\/comments?post=6799"}],"wp:featuredmedia":[{"embeddable":true,"href":"https:\/\/indigodogon.com\/fr\/wp-json\/wp\/v2\/media\/6764"}],"wp:attachment":[{"href":"https:\/\/indigodogon.com\/fr\/wp-json\/wp\/v2\/media?parent=6799"}],"wp:term":[{"taxonomy":"product_brand","embeddable":true,"href":"https:\/\/indigodogon.com\/fr\/wp-json\/wp\/v2\/product_brand?post=6799"},{"taxonomy":"product_cat","embeddable":true,"href":"https:\/\/indigodogon.com\/fr\/wp-json\/wp\/v2\/product_cat?post=6799"},{"taxonomy":"product_tag","embeddable":true,"href":"https:\/\/indigodogon.com\/fr\/wp-json\/wp\/v2\/product_tag?post=6799"}],"curies":[{"name":"wp","href":"https:\/\/api.w.org\/{rel}","templated":true}]}}