{"id":8101,"date":"2025-10-06T10:29:59","date_gmt":"2025-10-06T10:29:59","guid":{"rendered":"https:\/\/indigodogon.com\/?page_id=8101"},"modified":"2025-10-06T10:30:28","modified_gmt":"2025-10-06T10:30:28","slug":"our-mission","status":"publish","type":"page","link":"https:\/\/indigodogon.com\/fr\/our-mission\/","title":{"rendered":"Notre mission"},"content":{"rendered":"<h2 class=\"wp-block-heading\">Notre mission<\/h2>\n\n\n\n<p class=\"translation-block\">Chez <strong>Indigo Dogon<\/strong>, notre mission est de <strong>pr\u00e9server, promouvoir et valoriser le patrimoine culturel et artistique du peuple Dogon<\/strong>, tout en soutenant les initiatives locales ax\u00e9es sur le d\u00e9veloppement durable, l'\u00e9ducation et la transmission des savoirs.<\/p>\n\n\n\n<p>Nous pensons que la culture est un puissant moteur d\u2019unit\u00e9, d\u2019identit\u00e9 et de progr\u00e8s. A travers nos actions, nous visons \u00e0 renforcer le pont entre tradition et modernit\u00e9, en donnant une nouvelle vie et une nouvelle visibilit\u00e9 au patrimoine ancestral du Mali.<\/p>\n\n\n\n<h3 class=\"wp-block-heading\">Nos objectifs<\/h3>\n\n\n\n<ul class=\"wp-block-list\">\n<li class=\"translation-block\"><strong>Pr\u00e9server le patrimoine<\/strong>\u00a0: sauvegarder l'artisanat traditionnel, les expressions culturelles et les pratiques artistiques de la r\u00e9gion Dogon.<\/li>\n\n\n\n<li class=\"translation-block\"><strong>Soutenir les communaut\u00e9s locales<\/strong>\u00a0: encourager les projets culturels, \u00e9ducatifs et \u00e9conomiques port\u00e9s par les populations locales.<\/li>\n\n\n\n<li class=\"translation-block\"><strong>Promouvoir l'innovation<\/strong>\u00a0: construire des ponts entre la culture Dogon et les formes contemporaines de cr\u00e9ation.<\/li>\n\n\n\n<li class=\"translation-block\"><strong>Partager et inspirer<\/strong>\u00a0: offrir au monde une perspective authentique et respectueuse sur la richesse du Mali.<\/li>\n<\/ul>\n\n\n\n<h3 class=\"wp-block-heading\">Notre vision<\/h3>\n\n\n\n<p class=\"translation-block\">Faire de la r\u00e9gion Dogon un <strong>centre culturel et artistique<\/strong>, o\u00f9 le patrimoine africain se connecte et r\u00e9sonne avec le monde moderne.<br>Nous envisageons une culture vivante - fi\u00e8rement transmise et soutenue par les g\u00e9n\u00e9rations futures.<\/p>\n\n\n\n<h3 class=\"wp-block-heading\">Nos valeurs<\/h3>\n\n\n\n<p><strong>Authenticit\u00e9 \u2013 Respect \u2013 Partage \u2013 Innovation \u2013 Transmission<\/strong><\/p>\n\n\n\n<p>Ces valeurs guident toutes nos initiatives et refl\u00e8tent notre engagement en faveur du d\u00e9veloppement humain, culturel et durable.<\/p>","protected":false},"excerpt":{"rendered":"<p>Our Mission At Indigo Dogon, our mission is to preserve, promote, and enhance the cultural and artistic heritage of the Dogon people, while supporting local initiatives focused on sustainable development, education, and the transmission of knowledge. We believe that culture is a powerful driver of unity, identity, and progress. Through our actions, we aim to<\/p>\n<p class=\"link-more\"><a href=\"https:\/\/indigodogon.com\/fr\/our-mission\/\" class=\"more-link\"><span>Read More<\/span><span class=\"meta-nav\">&#8594;<\/span><\/a><\/p>","protected":false},"author":1,"featured_media":0,"parent":0,"menu_order":0,"comment_status":"closed","ping_status":"closed","template":"","meta":{"footnotes":""},"class_list":["post-8101","page","type-page","status-publish","hentry"],"_links":{"self":[{"href":"https:\/\/indigodogon.com\/fr\/wp-json\/wp\/v2\/pages\/8101","targetHints":{"allow":["GET"]}}],"collection":[{"href":"https:\/\/indigodogon.com\/fr\/wp-json\/wp\/v2\/pages"}],"about":[{"href":"https:\/\/indigodogon.com\/fr\/wp-json\/wp\/v2\/types\/page"}],"author":[{"embeddable":true,"href":"https:\/\/indigodogon.com\/fr\/wp-json\/wp\/v2\/users\/1"}],"replies":[{"embeddable":true,"href":"https:\/\/indigodogon.com\/fr\/wp-json\/wp\/v2\/comments?post=8101"}],"version-history":[{"count":1,"href":"https:\/\/indigodogon.com\/fr\/wp-json\/wp\/v2\/pages\/8101\/revisions"}],"predecessor-version":[{"id":8102,"href":"https:\/\/indigodogon.com\/fr\/wp-json\/wp\/v2\/pages\/8101\/revisions\/8102"}],"wp:attachment":[{"href":"https:\/\/indigodogon.com\/fr\/wp-json\/wp\/v2\/media?parent=8101"}],"curies":[{"name":"wp","href":"https:\/\/api.w.org\/{rel}","templated":true}]}}