{"id":8098,"date":"2025-10-06T10:26:34","date_gmt":"2025-10-06T10:26:34","guid":{"rendered":"https:\/\/indigodogon.com\/?page_id=8098"},"modified":"2025-10-06T10:26:35","modified_gmt":"2025-10-06T10:26:35","slug":"notre-mission","status":"publish","type":"page","link":"https:\/\/indigodogon.com\/fr\/notre-mission\/","title":{"rendered":"Notre mission"},"content":{"rendered":"<h2 class=\"wp-block-heading\">Notre mission<\/h2>\n\n\n\n<p>Chez <strong>Indigo Dogon<\/strong>, notre mission est de <strong>pr\u00e9server, promouvoir et valoriser le patrimoine culturel et artistique du peuple Dogon<\/strong>, tout en soutenant les initiatives locales en faveur du d\u00e9veloppement durable, de l\u2019\u00e9ducation et de la transmission des savoirs.<\/p>\n\n\n\n<p>Nous croyons que la culture est un levier puissant de coh\u00e9sion, d\u2019identit\u00e9 et de progr\u00e8s. \u00c0 travers nos actions, nous \u0153uvrons \u00e0 renforcer le lien entre tradition et modernit\u00e9, en donnant une voix nouvelle aux h\u00e9ritages ancestraux du Mali.<\/p>\n\n\n\n<h3 class=\"wp-block-heading\">Nos objectifs<\/h3>\n\n\n\n<ul class=\"wp-block-list\">\n<li><strong>Pr\u00e9server le patrimoine<\/strong> : sauvegarder les traditions, les savoir-faire artisanaux et les expressions artistiques du pays Dogon.<\/li>\n\n\n\n<li><strong>Soutenir les communaut\u00e9s locales<\/strong> : encourager les projets culturels, \u00e9ducatifs et \u00e9conomiques port\u00e9s par les populations.<\/li>\n\n\n\n<li><strong>Promouvoir l\u2019innovation<\/strong> : cr\u00e9er des ponts entre la culture dogon et les nouvelles formes de cr\u00e9ation contemporaine.<\/li>\n\n\n\n<li><strong>Partager et inspirer<\/strong> : offrir au monde un regard authentique et respectueux sur la richesse du Mali.<\/li>\n<\/ul>\n\n\n\n<h3 class=\"wp-block-heading\">Notre vision<\/h3>\n\n\n\n<p>Faire du pays Dogon un <strong>centre de rayonnement culturel et artistique<\/strong>, o\u00f9 l\u2019h\u00e9ritage africain dialogue avec le monde d\u2019aujourd\u2019hui.<br>Nous aspirons \u00e0 une culture vivante, transmise avec fiert\u00e9 et port\u00e9e par les g\u00e9n\u00e9rations futures.<\/p>\n\n\n\n<h3 class=\"wp-block-heading\">Nos valeurs<\/h3>\n\n\n\n<p><strong>Authenticit\u00e9<\/strong> \u2013 <strong>Respect<\/strong> \u2013 <strong>Partage<\/strong> \u2013 <strong>Innovation<\/strong> \u2013 <strong>Transmission<\/strong><\/p>\n\n\n\n<p>Ces valeurs guident chacune de nos actions et t\u00e9moignent de notre engagement pour un d\u00e9veloppement humain, culturel et durable.<\/p>","protected":false},"excerpt":{"rendered":"<p>Notre mission Chez Indigo Dogon, notre mission est de pr\u00e9server, promouvoir et valoriser le patrimoine culturel et artistique du peuple Dogon, tout en soutenant les initiatives locales en faveur du d\u00e9veloppement durable, de l\u2019\u00e9ducation et de la transmission des savoirs. Nous croyons que la culture est un levier puissant de coh\u00e9sion, d\u2019identit\u00e9 et de progr\u00e8s.<\/p>\n<p class=\"link-more\"><a href=\"https:\/\/indigodogon.com\/fr\/notre-mission\/\" class=\"more-link\"><span>Read More<\/span><span class=\"meta-nav\">&#8594;<\/span><\/a><\/p>","protected":false},"author":1,"featured_media":0,"parent":0,"menu_order":0,"comment_status":"closed","ping_status":"closed","template":"","meta":{"footnotes":""},"class_list":["post-8098","page","type-page","status-publish","hentry"],"_links":{"self":[{"href":"https:\/\/indigodogon.com\/fr\/wp-json\/wp\/v2\/pages\/8098","targetHints":{"allow":["GET"]}}],"collection":[{"href":"https:\/\/indigodogon.com\/fr\/wp-json\/wp\/v2\/pages"}],"about":[{"href":"https:\/\/indigodogon.com\/fr\/wp-json\/wp\/v2\/types\/page"}],"author":[{"embeddable":true,"href":"https:\/\/indigodogon.com\/fr\/wp-json\/wp\/v2\/users\/1"}],"replies":[{"embeddable":true,"href":"https:\/\/indigodogon.com\/fr\/wp-json\/wp\/v2\/comments?post=8098"}],"version-history":[{"count":2,"href":"https:\/\/indigodogon.com\/fr\/wp-json\/wp\/v2\/pages\/8098\/revisions"}],"predecessor-version":[{"id":8100,"href":"https:\/\/indigodogon.com\/fr\/wp-json\/wp\/v2\/pages\/8098\/revisions\/8100"}],"wp:attachment":[{"href":"https:\/\/indigodogon.com\/fr\/wp-json\/wp\/v2\/media?parent=8098"}],"curies":[{"name":"wp","href":"https:\/\/api.w.org\/{rel}","templated":true}]}}