{"id":6663,"date":"2023-10-25T11:24:02","date_gmt":"2023-10-25T11:24:02","guid":{"rendered":"https:\/\/indigodogon.com\/?page_id=6663"},"modified":"2024-06-16T14:23:33","modified_gmt":"2024-06-16T14:23:33","slug":"links-videos-and-web-sites","status":"publish","type":"page","link":"https:\/\/indigodogon.com\/fr\/links-videos-and-web-sites\/","title":{"rendered":"LIENS VID\u00c9OS ET SITES WEB"},"content":{"rendered":"<div class=\"font\">\n<div class=\"vc_row wpb_row vc_row-fluid\"><div class=\"wpb_column vc_column_container vc_col-sm-12\"><div class=\"vc_column-inner\"><div class=\"wpb_wrapper\">\n\t<div class=\"wpb_text_column wpb_content_element\" >\n\t\t<div class=\"wpb_wrapper\">\n\t\t\t<div class=\"font\">\n\n\t\t<\/div>\n\t<\/div>\n<\/div><\/div><\/div><\/div><div class=\"vc_row wpb_row vc_row-fluid\"><div class=\"wpb_column vc_column_container vc_col-sm-12\"><div class=\"vc_column-inner\"><div class=\"wpb_wrapper\">\n\t<div class=\"wpb_text_column wpb_content_element\" >\n\t\t<div class=\"wpb_wrapper\">\n\t\t\t<div>\n\n\t\t<\/div>\n\t<\/div>\n<\/div><\/div><\/div><\/div><div class=\"vc_row wpb_row vc_row-fluid\"><div class=\"wpb_column vc_column_container vc_col-sm-2\"><div class=\"vc_column-inner\"><div class=\"wpb_wrapper\"><\/div><\/div><\/div><div class=\"wpb_column vc_column_container vc_col-sm-8\"><div class=\"vc_column-inner\"><div class=\"wpb_wrapper\">\n\t<div class=\"wpb_text_column wpb_content_element\" >\n\t\t<div class=\"wpb_wrapper\">\n\t\t\t<h5>LIENS \u00c0 D\u00c9COUVRIR<\/h5>\n<p><!-- Ajoutez d'autres liens avec des aper\u00e7us personnalis\u00e9s ici --><\/p>\n<p style=\"padding-left: 40px;\"><strong>FB: Centre Indigo Dogon<\/strong> <a href=\"https:\/\/www.facebook.com\/IndigoDogon\">https:\/\/www.facebook.com\/IndigoDogon<\/a><\/p>\n<p style=\"padding-left: 40px;\"><strong>Instagram : Indigo Dogon <\/strong><\/p>\n<p style=\"padding-left: 40px;\"><strong>Ecrivez nous:<\/strong>\u00a0\u00a0 capid21@gmailcom.<\/p>\n<p style=\"padding-left: 40px;\"><strong>Notre site web<\/strong> <a href=\"https:\/\/indigodogon.com\/fr\/\">https:\/\/indigodogon.com<\/a><\/p>\n<h5 class=\"translation-block\"><em>\u00a0<\/em><em>INDIGO DOGON<\/em> VID\u00c9OS ET DIAPORAMA<\/h5>\n<p style=\"padding-left: 40px;\"><strong>Histoire de Dogon Indigo Entretien avec Mamoudou Nango<\/strong><\/p>\n<p style=\"padding-left: 40px;\" class=\"translation-block\"><strong>en fran\u00e7ais sous-titr\u00e9 en anglais.<\/strong> <a href=\"https:\/\/vimeo.com\/manage\/260564119\" target=\"_self\">https:\/\/vimeo.com\/260564119<\/a><\/p>\n<h5>FESTVALS et EXPOSITIONS<\/h5>\n<p style=\"padding-left: 40px;\"><strong>Festival Ogobagna 2023<\/strong> <a href=\"https:\/\/vimeo.com\/837063087\">https:\/\/vimeo.com\/837063087<\/a><\/p>\n<p style=\"padding-left: 40px;\"><strong>Festival S\u00e9gouArt 2023<\/strong><a href=\"https:\/\/vimeo.com\/830056560\"> https:\/\/vimeo.com\/830056560<\/a><\/p>\n<p style=\"padding-left: 40px;\"><strong>Indigo Dogon aux Festivals Ogobagna &amp; S\u00e9gou \u00ab off \u00bb 2022<\/strong><\/p>\n<p style=\"padding-left: 40px;\"><a href=\"https:\/\/vimeo.com\/679643859\">https:\/\/vimeo.com\/679643859<\/a><\/p>\n<p style=\"padding-left: 40px;\"><strong>Exposition diaporama et d\u00e9fil\u00e9 de mode Galerie M\u00e9dina, Bamako 2021<\/strong><\/p>\n<p style=\"padding-left: 40px;\"><a href=\"https:\/\/vimeo.com\/%20520575953\">https:\/\/vimeo.com\/ 520575953<\/a><\/p>\n<h5>COMIT\u00c9 DESIGNERS &amp; MARKETING<\/h5>\n<p style=\"padding-left: 40px;\"><strong>Brenda Winstead rencontre des cr\u00e9ateurs maliens<\/strong> 2023 https:\/\/vimeo.com\/ 83690507<\/p>\n<p style=\"padding-left: 40px;\"><strong>Brenda Winstead rencontre les Designers Maliens 2022<\/strong> <a href=\"https:\/\/vimeo.com\/687484751\">https:\/\/vimeo.com\/687484751<\/a><\/p>\n<p style=\"padding-left: 40px;\"><strong>Brenda Winstead &amp; Mamoudou Nango, 2022<\/strong><u> <\/u><a href=\"https:\/\/vimeo.com\/687463937\">https:\/\/vimeo.com\/687463937<\/a><\/p>\n<p style=\"padding-left: 40px;\"><strong>R\u00e9union de strat\u00e9gie marketing 2023<\/strong> <a href=\"https:\/\/vimeo.com\/836682920\">https:\/\/vimeo.com\/836682920<\/a><\/p>\n<p style=\"padding-left: 40px;\"><strong>R\u00e9union de strat\u00e9gie marketing 2022<\/strong> https:\/\/vimeo.com\/692291360<\/p>\n<h5>\u00a0<strong>VALIDATION DU PROJET ET &amp; PROMOTION INDIGO DOGON 2020-21<\/strong><\/h5>\n<p style=\"padding-left: 40px;\"><strong>Projet soutenu par l'Union europ\u00e9enne et le gouvernement malien (vid\u00e9o en fran\u00e7ais)<\/strong> <a href=\"https:\/\/vimeo.com\/536886891\">https:\/\/vimeo.com\/536886891<\/a><\/p>\n<h5>ATELIERS DE FORMATION INDIGO<\/h5>\n<p style=\"padding-left: 40px;\"><strong>Formation Indigo dans les villages Ningari et Sangha, 2022 avec t\u00e9moignages de participants, fran\u00e7ais et dogoso, sous-titr\u00e9 anglais, projet financ\u00e9 par l'ambassade am\u00e9ricaine au Mali<\/strong>\u00a0\u00a0 <a href=\"https:\/\/vimeo.com\/692167716\">https:\/\/vimeo.com\/692167716<\/a><\/p>\n<p style=\"padding-left: 40px;\"><strong>Formation \u00e0 Ningari, diaporama<u>\u00ad<\/u> <\/strong><a href=\"https:\/\/vimeo.com\/669087898\">https:\/\/vimeo.com\/669087898<\/a><\/p>\n<p style=\"padding-left: 40px;\"><strong>Formation Indigo \u00e0 Ningari\/Sangha, Koro, Dourou 2020, diaporama, projet<\/strong><\/p>\n<p style=\"padding-left: 40px;\"><strong>financ\u00e9 par l'UE et la CONFED<\/strong>, <a href=\"https:\/\/vimeo.com\/498019592\">https:\/\/vimeo.com\/498019592<\/a><\/p>\n<p style=\"padding-left: 40px;\"><strong>Atelier Indigo pour enfants, Bamako 2021<\/strong><\/p>\n<p style=\"padding-left: 40px;\"><strong>diaporama de l'atelier CAPID indigo au camp de d\u00e9plac\u00e9s de Faladi\u00e9,<\/strong><\/p>\n<p style=\"padding-left: 40px;\"><strong>projet financ\u00e9 par l'UE &amp; CONFED<\/strong> \u00a0<a href=\"https:\/\/vimeo.com\/522417844\">https:\/\/vimeo.com\/522417844<\/a><\/p>\n<p style=\"padding-left: 40px;\"><strong>Atelier de formation Indigo Dogon \u00e0 Koro, 2017 et diaporama Dourou 2015, projets financ\u00e9s par SwissContact<\/strong> <u>\u00a0<\/u><a href=\"https:\/\/vimeo.com\/44555188\">https:\/\/vimeo.com\/44555188<\/a><\/p>\n<p style=\"padding-left: 40px;\"><strong>Aper\u00e7u du projet Indigo, ce diaporama pr\u00e9sente diff\u00e9rents aspects du projet Indigo Dogon<\/strong> <a href=\"https:\/\/vimeo.com\/201114197\">https:\/\/vimeo.com\/201114197<\/a><\/p>\n<p style=\"padding-left: 40px;\"><strong>Indigo Designs et artisans, diaporama<\/strong> <a href=\"https:\/\/vimeo.com\/463189240\">https:\/\/vimeo.com\/463189240<\/a><\/p>\n<h5><strong>CULTURE ET SPIRITUALIT\u00c9 DOGON <\/strong><\/h5>\n<h5 style=\"padding-left: 40px;\"><a href=\"https:\/\/wikitravel.org\/en\/Dogon_Country\">https:\/\/wikitravel.org\/en\/Dogon_Country<\/a><\/h5>\n<p style=\"padding-left: 40px;\"><strong>Falaise de Bandiagara (Terre des Dogons)<\/strong> <a href=\"https:\/\/whc.unesco.org\/en\/list\/516\">https:\/\/whc.unesco.org\/en\/list\/516<\/a><\/p>\n<p style=\"padding-left: 40px;\">www.lonelyplanet.com\u00a0\u203a entering-malis-dogon-world<\/p>\n<p style=\"padding-left: 40px;\"><strong>Mali &#8211; Solimar International<\/strong> <a href=\"http:\/\/www.solimarinternational.com\u00a0\">www.solimarinternational.com\u00a0<\/a><\/p>\n<h5><strong>PAYS DOGON <\/strong><\/h5>\n<p style=\"padding-left: 40px;\"><strong>Afriquetour &amp; Voyage<\/strong> \u00a0<a href=\"http:\/\/africatour-travel.com\/en\/dogon-country\/\">africatour-travel.com\u00a0\u203a en \u203a dogon-country\u00a0 <\/a><\/p>\n<p style=\"padding-left: 40px;\"><a href=\"https:\/\/www.ancient-code.com\/the-dogon-tribe-the-nommo-and-their-fascinating-cosmic-knowledge\/\">https:\/\/www.ancient-code.com\/the-dogon-tribe-the-nommo-and-their-fascinating-cosmic-knowledge\/<\/a><\/p>\n<p style=\"padding-left: 40px;\"><strong>Pays Dogon : Pays Dogon \u2013 Escarpement de Bandiagara, Mali<\/strong> <a href=\"https:\/\/africandesertcrafts.com\/adventures-in-mali\/dogon-country-pays-dogon-bandiagara-escarpment-mali\/\"><br \/>\nafricandesertcrafts.com\u00a0\u203a adventures-in-mali \u203a dogon\u00a0 <\/a><\/p>\n<p style=\"padding-left: 40px;\"><strong>NASA<\/strong>\u00a0 <a href=\"https:\/\/www.youtube.com\/watch?v=U9fJ5KnSonY\">https:\/\/www.youtube.com\/watch?v=U9fJ5KnSonY<\/a><\/p>\n<h5>La connaissance extraordinaire du cosmos des Dogon<\/h5>\n<p style=\"padding-left: 40px;\"><a href=\"http:\/\/www.ancient-origins.net \u203a myths-legends-africa\">www.ancient-origins.net\u00a0\u203a myths-legends-africa<\/a><\/p>\n<h5>Art africain des Dogon \u2013 eHRAF \u200b\u200bWorld Cultures \u2013 Universit\u00e9 de Yale<\/h5>\n<p style=\"padding-left: 40px;\"><a href=\"https:\/\/ehrafworldcultures.yale.edu\/cultures\/fa16\/documents\/012\">ehrafworldcultures.yale.edu\u00a0\u203a cultures \u203a fa16\u00a0\u00a0\u00a0 <\/a><\/p>\n<h5>Marcel Griaule \u2013 Wikip\u00e9dia<\/h5>\n<p style=\"padding-left: 40px;\"><a href=\"https:\/\/en.wikipedia.org\/wiki\/Marcel_Griaule\">en.wikipedia.org\u00a0\u203a wiki \u203a Marcel_Griaule\u00a0\u00a0\u00a0 <\/a><\/p>\n<p style=\"padding-left: 40px;\"><a href=\"http:\/\/www.britannica.com\u00a0\u203a topic \u203a Dogon\">www.britannica.com\u00a0\u203a topic \u203a Dogon<\/a><\/p>\n<h5><strong>Mondes vivants et spirituels du peuple Dogon du Mali<\/strong><\/h5>\n<p style=\"padding-left: 40px;\"><a href=\"https:\/\/focusongeography.org\/publications\/articles\/mali\/index.html\">focusongeography.org\u00a0\u203a publications \u203a articles\u00a0\u00a0 <\/a><\/p>\n<h5>DOCUMENTAIRES<\/h5>\n<p style=\"padding-left: 40px;\"><a href=\"https:\/\/www.youtube.com\/watch?v=kSlQyuDmFrg\">https:\/\/www.youtube.com\/watch?v=kSlQyuDmFrg<\/a><\/p>\n<h5>DANSE DES MASQUES FUN\u00c9RAIRES DOGON<\/h5>\n<p style=\"padding-left: 40px;\"><a href=\"https:\/\/vimeo.com\/manage\/videos\/367843298\">https:\/\/vimeo.com\/manage\/videos\/367843298<\/a><\/p>\n<h5><strong>MIGRANTS DES DUNES<\/strong><\/h5>\n<p style=\"padding-left: 40px;\"><a href=\"https:\/\/vimeo.com\/217602003\">https:\/\/vimeo.com\/217602003<\/a><\/p>\n<h5>ENVIRONNEMENT DE DJOLIBA<\/h5>\n<p style=\"padding-left: 40px;\"><a href=\"https:\/\/vimeo.com\/132452053\">https:\/\/vimeo.com\/132452053<\/a><\/p>\n<h5><strong>MIROIR EN VISAGE<\/strong><\/h5>\n<p style=\"padding-left: 40px;\"><a href=\"https:\/\/vimeo.com\/420073130\">https:\/\/vimeo.com\/420073130<\/a><\/p>\n<h5>MIGRANTS DES DUNES<\/h5>\n<p style=\"padding-left: 40px;\"><a href=\"\/fr\/Migrants%20des%20Dunes%20on%20Vimeo%20https:\/vimeo.com\/217383347%20\/\"> https:\/\/vimeo.com\/217383347 <\/a><\/p>\n<h5>MIROIR EN VISAGE<\/h5>\n<p style=\"padding-left: 40px;\"><a href=\"https:\/\/vimeo.com\/420073130\">https:\/\/vimeo.com\/420073130<\/a><\/p>\n\n\t\t<\/div>\n\t<\/div>\n<\/div><\/div><\/div><div class=\"wpb_column vc_column_container vc_col-sm-2\"><div class=\"vc_column-inner\"><div class=\"wpb_wrapper\"><\/div><\/div><\/div><\/div><div class=\"vc_row wpb_row vc_row-fluid\"><div class=\"wpb_column vc_column_container vc_col-sm-12\"><div class=\"vc_column-inner\"><div class=\"wpb_wrapper\">\n\t<div class=\"wpb_text_column wpb_content_element\" >\n\t\t<div class=\"wpb_wrapper\">\n\t\t\t<\/div>\n\n\t\t<\/div>\n\t<\/div>\n<\/div><\/div><\/div><\/div><div class=\"vc_row wpb_row vc_row-fluid\"><div class=\"wpb_column vc_column_container vc_col-sm-12\"><div class=\"vc_column-inner\"><div class=\"wpb_wrapper\">\n\t<div class=\"wpb_text_column wpb_content_element\" >\n\t\t<div class=\"wpb_wrapper\">\n\t\t\t<\/div>\n\n\t\t<\/div>\n\t<\/div>\n<\/div><\/div><\/div><\/div>\n<\/div>","protected":false},"excerpt":{"rendered":"LINKS TO DISCOVER FB: Centre Indigo Dogon https:\/\/www.facebook.com\/IndigoDogon Instagram : Indigo Dogon Ecrivez nous:\u00a0\u00a0 capid21@gmailcom. Notre site web https:\/\/indigodogon.com \u00a0INDIGO DOGON VIDEOS AND SLIDESHOWS History of Dogon Indigo Interview with Mamoudou Nango in French with English subtitles. https:\/\/vimeo.com\/260564119 FESTVALS and EXHIBITS Festival Ogobagna 2023 https:\/\/vimeo.com\/837063087 Festival S\u00e9gouArt 2023 https:\/\/vimeo.com\/830056560 Indigo Dogon at Festivals Ogobagna &amp;<p class=\"link-more\"><a href=\"https:\/\/indigodogon.com\/fr\/links-videos-and-web-sites\/\" class=\"more-link\"><span>Read More<\/span><span class=\"meta-nav\">&#8594;<\/span><\/a><\/p>","protected":false},"author":1,"featured_media":0,"parent":0,"menu_order":0,"comment_status":"closed","ping_status":"closed","template":"","meta":{"footnotes":""},"class_list":["post-6663","page","type-page","status-publish","hentry"],"_links":{"self":[{"href":"https:\/\/indigodogon.com\/fr\/wp-json\/wp\/v2\/pages\/6663","targetHints":{"allow":["GET"]}}],"collection":[{"href":"https:\/\/indigodogon.com\/fr\/wp-json\/wp\/v2\/pages"}],"about":[{"href":"https:\/\/indigodogon.com\/fr\/wp-json\/wp\/v2\/types\/page"}],"author":[{"embeddable":true,"href":"https:\/\/indigodogon.com\/fr\/wp-json\/wp\/v2\/users\/1"}],"replies":[{"embeddable":true,"href":"https:\/\/indigodogon.com\/fr\/wp-json\/wp\/v2\/comments?post=6663"}],"version-history":[{"count":8,"href":"https:\/\/indigodogon.com\/fr\/wp-json\/wp\/v2\/pages\/6663\/revisions"}],"predecessor-version":[{"id":7979,"href":"https:\/\/indigodogon.com\/fr\/wp-json\/wp\/v2\/pages\/6663\/revisions\/7979"}],"wp:attachment":[{"href":"https:\/\/indigodogon.com\/fr\/wp-json\/wp\/v2\/media?parent=6663"}],"curies":[{"name":"wp","href":"https:\/\/api.w.org\/{rel}","templated":true}]}}