{"id":6658,"date":"2023-10-25T11:22:07","date_gmt":"2023-10-25T11:22:07","guid":{"rendered":"https:\/\/indigodogon.com\/?page_id=6658"},"modified":"2024-06-23T13:29:17","modified_gmt":"2024-06-23T13:29:17","slug":"the-dogon-economy","status":"publish","type":"page","link":"https:\/\/indigodogon.com\/fr\/the-dogon-economy\/","title":{"rendered":"L'\u00c9CONOMIE DOGON"},"content":{"rendered":"<div class=\"vc_row wpb_row vc_row-fluid\"><div class=\"wpb_column vc_column_container vc_col-sm-12\"><div class=\"vc_column-inner\"><div class=\"wpb_wrapper\">\n\t<div class=\"wpb_text_column wpb_content_element\" >\n\t\t<div class=\"wpb_wrapper\">\n\t\t\t<div class=\"container text-justify\">\n<div class=\"row\">\n<div class=\"col-md-4 text-center\"><img decoding=\"async\" class=\"img-fluid\" src=\"https:\/\/indigodogon.com\/wp-content\/uploads\/2023\/06\/cases-et-greniers-dogon-300x200.jpg\" alt=\"Dogon Village\" \/><\/div>\n<div class=\"col-md-8\">\n<h4>par Amadou NANGO, membre du Comit\u00e9 Strat\u00e9gie Marketing de la CAPID et responsable financier du projet Indigo Dogon<\/h4>\n<p>Traditionnellement, l'\u00e9conomie du village Dogon repose en grande partie sur une agriculture de subsistance r\u00e9alis\u00e9e autour de deux p\u00f4les de production : les cultures s\u00e8ches (mil, sorgho, ma\u00efs) et les cultures mara\u00eech\u00e8res (\u00e9chalotes, ail, laitue, tomates, pommes de terre, choux, concombres, poivrons). Pratiqu\u00e9e autour de mini-barrages et de nombreux bassins de captage d\u2019eau, la culture mara\u00eech\u00e8re joue un r\u00f4le cl\u00e9 dans la production alimentaire. Gr\u00e2ce aux ressources g\u00e9n\u00e9r\u00e9es par les cultures mara\u00eech\u00e8res, notamment l'oignon \u00e9chalote, environ 60% de la population rurale a pu combler le d\u00e9ficit de production c\u00e9r\u00e9ali\u00e8re et alimentaire. Les \u00e9chalotes restent une culture de rente importante qui occupe les agriculteurs pendant la saison s\u00e8che plus froide apr\u00e8s la r\u00e9colte du mil.<\/p>\n<\/div>\n<\/div>\n<div class=\"row\">\n<div class=\"col-md-4 text-center\"><img decoding=\"async\" class=\"img-fluid\" src=\"https:\/\/indigodogon.com\/wp-content\/uploads\/2023\/06\/Maraichage-a-Dourou-300x200.jpg\" alt=\"Market Gardening\" \/><\/div>\n<div class=\"col-md-8\">\n<p class=\"translation-block\">Le Pays Dogon est effectivement devenu site du patrimoine mondial de l'UNESCO en 1989. <a href=\"https:\/\/whc.unesco.org\/fr\/list\/516\" target=\"_self\">https:\/\/whc.unesco.org\/fr\/list\/516<\/a>. Avec l\u2019essor du tourisme dans les ann\u00e9es 1990, les nombreux sites historiques de la r\u00e9gion sont devenus un point focal pour les visiteurs d\u2019Europe et d\u2019Am\u00e9rique du Nord. Cependant, suite au coup d\u2019\u00c9tat de 2012 et au d\u00e9clin soudain et brutal du tourisme au Mali, l\u2019occupation du Nord et la guerre contre les terroristes qui a suivi ont priv\u00e9 la r\u00e9gion d\u2019une importante activit\u00e9 g\u00e9n\u00e9ratrice de revenus.<\/p>\n<\/div>\n<\/div>\n<div class=\"row\" style=\"margin-top: 20px;\">\n<div class=\"col-md-4 text-center\"><img decoding=\"async\" class=\"img-fluid\" src=\"https:\/\/indigodogon.com\/wp-content\/uploads\/2023\/06\/femmes-idjeli-300x182.jpg\" alt=\"Dogon Women\" \/><\/div>\n<div class=\"col-md-8\">\n<p class=\"translation-block\">L'initiative Indigo Dogon de cr\u00e9ation d'une industrie textile artisanale au centre du Mali vise \u00e0 contrer l'exode rural en offrant aux jeunes et aux femmes la possibilit\u00e9 de travailler dans la r\u00e9gion et de se former \u00e0 la cr\u00e9ation et \u00e0 la gestion d'activit\u00e9s artisanales prometteuses. Avec la cr\u00e9ation de l'initiative <em>IndigoDogon<\/em>, l'espoir rena\u00eet pour de nombreux artisans textiles de la r\u00e9gion, conscients de la n\u00e9cessit\u00e9 de sauvegarder leur savoir-faire ancestral afin de pallier \u00e0 la pauvret\u00e9 des femmes et \u00e0 l'exode des jeunes.<\/p>\n<\/div>\n<\/div>\n<\/div>\n\n\t\t<\/div>\n\t<\/div>\n<\/div><\/div><\/div><\/div>","protected":false},"excerpt":{"rendered":"by Amadou NANGO, member of the CAPID Marketing Strategy Committee and Indigo Dogon project financial manager Traditionally, Dogon village economy has been largely based on subsistence agriculture carried out around two production poles: dry crops (millet, sorghum, corn) and market gardening (shallots, garlic, lettuce, tomatoes, potatoes, cabbage, cucumbers, peppers). Practiced around mini dams and numerous<p class=\"link-more\"><a href=\"https:\/\/indigodogon.com\/fr\/the-dogon-economy\/\" class=\"more-link\"><span>Read More<\/span><span class=\"meta-nav\">&#8594;<\/span><\/a><\/p>","protected":false},"author":1,"featured_media":0,"parent":0,"menu_order":0,"comment_status":"closed","ping_status":"closed","template":"","meta":{"footnotes":""},"class_list":["post-6658","page","type-page","status-publish","hentry"],"_links":{"self":[{"href":"https:\/\/indigodogon.com\/fr\/wp-json\/wp\/v2\/pages\/6658","targetHints":{"allow":["GET"]}}],"collection":[{"href":"https:\/\/indigodogon.com\/fr\/wp-json\/wp\/v2\/pages"}],"about":[{"href":"https:\/\/indigodogon.com\/fr\/wp-json\/wp\/v2\/types\/page"}],"author":[{"embeddable":true,"href":"https:\/\/indigodogon.com\/fr\/wp-json\/wp\/v2\/users\/1"}],"replies":[{"embeddable":true,"href":"https:\/\/indigodogon.com\/fr\/wp-json\/wp\/v2\/comments?post=6658"}],"version-history":[{"count":15,"href":"https:\/\/indigodogon.com\/fr\/wp-json\/wp\/v2\/pages\/6658\/revisions"}],"predecessor-version":[{"id":7999,"href":"https:\/\/indigodogon.com\/fr\/wp-json\/wp\/v2\/pages\/6658\/revisions\/7999"}],"wp:attachment":[{"href":"https:\/\/indigodogon.com\/fr\/wp-json\/wp\/v2\/media?parent=6658"}],"curies":[{"name":"wp","href":"https:\/\/api.w.org\/{rel}","templated":true}]}}