{"id":6652,"date":"2023-10-25T11:19:06","date_gmt":"2023-10-25T11:19:06","guid":{"rendered":"https:\/\/indigodogon.com\/?page_id=6652"},"modified":"2024-06-23T13:29:07","modified_gmt":"2024-06-23T13:29:07","slug":"indigo-dogon-textile","status":"publish","type":"page","link":"https:\/\/indigodogon.com\/fr\/indigo-dogon-textile\/","title":{"rendered":"TEXTILES INDIGO DOGON"},"content":{"rendered":"<div class=\"vc_row wpb_row vc_row-fluid\"><div class=\"wpb_column vc_column_container vc_col-sm-12\"><div class=\"vc_column-inner\"><div class=\"wpb_wrapper\">\n\t<div class=\"wpb_text_column wpb_content_element\" >\n\t\t<div class=\"wpb_wrapper\">\n\t\t\t<div class=\"container\">\n<div class=\"row\" style=\"margin-bottom: 20px;\">\n<div class=\"col-md-4 mb-2 text-center\"><img loading=\"lazy\" decoding=\"async\" class=\"img-fluid\" src=\"https:\/\/indigodogon.com\/wp-content\/uploads\/2023\/10\/indog-300x225.jpg\" alt=\"Image 2\" width=\"300\" height=\"300\" \/><\/div>\n<div class=\"col-md-8\">\n<h4>par Massitan Coulibaly, membre du comit\u00e9 de strat\u00e9gie marketing du CAPID.<\/h4>\n<p>Le Mali est un pays d'une grande diversit\u00e9 culturelle et ethnique. Le Pays Dogon est une r\u00e9gion situ\u00e9e au centre du pays, s'\u00e9tendant de la Falaise de Bandiagara au sud-ouest de la Boucle du Niger. Comme les autres groupes ethniques du Mali, le peuple Dogon a ses propres traditions, coutumes et m\u0153urs.<\/p>\n<\/div>\n<\/div>\n<div class=\"row mt-3\">\n<div class=\"col-md-4 mb-2 text-center\"><img loading=\"lazy\" decoding=\"async\" class=\"img-fluid\" src=\"https:\/\/indigodogon.com\/wp-content\/uploads\/2023\/10\/indo-300x225.jpg\" alt=\"Image 3\" width=\"300\" height=\"300\" \/><\/div>\n<div class=\"col-md-8\">\n<p class=\"mt-3 translation-block\">Les artisans Dogon sont r\u00e9put\u00e9s pour leurs sculptures et leurs textiles. Leurs v\u00eatements traditionnels sont principalement \u00e0 base de textiles indigo, tiss\u00e9s \u00e0 partir de coton local et teint\u00e9s avec une plante qui pousse dans la r\u00e9gion et est utilis\u00e9e par les teinturiers locaux pour donner la couleur bleue. Le pagne ou cape Dogon en coton indigo est port\u00e9 non seulement par les femmes et les hommes Dogon mais par de nombreux citoyens du Mali.<br>\nChaque motif pagne indigo cousu contient des symboles qui ont une signification particuli\u00e8re, identifi\u00e9s \u00e0 un village ou une localit\u00e9 sp\u00e9cifique. Ce tissu indigo ci-dessous est le motif Yougourou, qui signifie \u00ab os de serpent \u00bb.<\/p>\n<\/div>\n<\/div>\n<div class=\"row mt-2\">\n<div class=\"col-md-4 mb-2 text-center\"><img loading=\"lazy\" decoding=\"async\" class=\"img-fluid\" src=\"https:\/\/indigodogon.com\/wp-content\/uploads\/2023\/10\/indigotextile-300x225.jpg\" alt=\"Image 1\" width=\"300\" height=\"300\"\" \/><\/div>\n<div class=\"col-md-8\">\n<p class=\"mt-3\">Le motif indigo cousu ci-dessous est Yourgou, le terme Dogon signifiant \u00ab la Voie \u00bb. Ce textile a \u00e9t\u00e9 produit par des teinturiers de la commune Sangha lors d'une formation propos\u00e9e par la CAPID, la coop\u00e9rative artisanale de promotion de l'indigo Dogon. La formation a \u00e9t\u00e9 rendue possible gr\u00e2ce au soutien de l'ambassade des \u00c9tats-Unis \u00e0 Bamako.<\/p>\n<p class=\"mt-3\">Ces derni\u00e8res ann\u00e9es, de nouvelles techniques ont \u00e9t\u00e9 introduites telles que le tie-dye et les motifs estamp\u00e9s. Ces m\u00e9thodes prennent consid\u00e9rablement moins de temps et sont devenues de plus en plus populaires parmi la jeune g\u00e9n\u00e9ration de teinturiers indigo.<\/p>\n<\/div>\n<\/div>\n<div class=\"row mt-2 text-center\">\n<div class=\"col-md-6\"><img loading=\"lazy\" decoding=\"async\" class=\"img-fluid\" src=\"https:\/\/indigodogon.com\/wp-content\/uploads\/2023\/10\/WhatsApp-Image-2023-10-25-a-11.18.28_9b38f99a-276x300.jpg\" alt=\"Image 5\" width=\"300\" height=\"300\"\/><\/div>\n<div class=\"col-md-6\"><img loading=\"lazy\" decoding=\"async\" class=\"img-fluid\" src=\"https:\/\/indigodogon.com\/wp-content\/uploads\/2023\/10\/tie-die-225x300.jpg\" alt=\"Image 4\" width=\"300\" height=\"300\" \/><\/div>\n<\/div>\n<\/div>\n\n\t\t<\/div>\n\t<\/div>\n<\/div><\/div><\/div><\/div>","protected":false},"excerpt":{"rendered":"by Massitan Coulibaly, member of the CAPID Marketing Strategy Committee. Mali is a country of great cultural and ethnic diversity. The Pays Dogon is a region located in the center of the country, stretching from the Falaise de Bandiagara to the southwest of the Boucle du Niger. Like other ethnic groups in Mali, the Dogon<p class=\"link-more\"><a href=\"https:\/\/indigodogon.com\/fr\/indigo-dogon-textile\/\" class=\"more-link\"><span>Read More<\/span><span class=\"meta-nav\">&#8594;<\/span><\/a><\/p>","protected":false},"author":1,"featured_media":0,"parent":0,"menu_order":0,"comment_status":"closed","ping_status":"closed","template":"","meta":{"footnotes":""},"class_list":["post-6652","page","type-page","status-publish","hentry"],"_links":{"self":[{"href":"https:\/\/indigodogon.com\/fr\/wp-json\/wp\/v2\/pages\/6652","targetHints":{"allow":["GET"]}}],"collection":[{"href":"https:\/\/indigodogon.com\/fr\/wp-json\/wp\/v2\/pages"}],"about":[{"href":"https:\/\/indigodogon.com\/fr\/wp-json\/wp\/v2\/types\/page"}],"author":[{"embeddable":true,"href":"https:\/\/indigodogon.com\/fr\/wp-json\/wp\/v2\/users\/1"}],"replies":[{"embeddable":true,"href":"https:\/\/indigodogon.com\/fr\/wp-json\/wp\/v2\/comments?post=6652"}],"version-history":[{"count":38,"href":"https:\/\/indigodogon.com\/fr\/wp-json\/wp\/v2\/pages\/6652\/revisions"}],"predecessor-version":[{"id":7998,"href":"https:\/\/indigodogon.com\/fr\/wp-json\/wp\/v2\/pages\/6652\/revisions\/7998"}],"wp:attachment":[{"href":"https:\/\/indigodogon.com\/fr\/wp-json\/wp\/v2\/media?parent=6652"}],"curies":[{"name":"wp","href":"https:\/\/api.w.org\/{rel}","templated":true}]}}