{"id":3947,"date":"2023-06-28T20:20:50","date_gmt":"2023-06-28T18:20:50","guid":{"rendered":"https:\/\/indigodogon.com\/?page_id=3947"},"modified":"2023-10-07T12:40:33","modified_gmt":"2023-10-07T12:40:33","slug":"boubacar-doumbia","status":"publish","type":"page","link":"https:\/\/indigodogon.com\/fr\/boubacar-doumbia\/","title":{"rendered":"Boubacar Doumbia"},"content":{"rendered":"<div class=\"vc_row wpb_row vc_row-fluid\"><div class=\"wpb_column vc_column_container vc_col-sm-3\"><div class=\"vc_column-inner\"><div class=\"wpb_wrapper\">\n\t<div  class=\"wpb_single_image wpb_content_element vc_align_left\">\n\t\t\n\t\t<figure class=\"wpb_wrapper vc_figure\">\n\t\t\t<div class=\"vc_single_image-wrapper vc_box_border_circle  vc_box_border_grey\"><img loading=\"lazy\" decoding=\"async\" class=\"vc_single_image-img\" src=\"https:\/\/indigodogon.com\/wp-content\/uploads\/2023\/06\/Boubacar-Doumbia-274x274.jpg\" width=\"274\" height=\"274\" alt=\"Boubacar-Doumbia\" title=\"Boubacar-Doumbia\" \/><\/div>\n\t\t<\/figure>\n\t<\/div>\n<div class=\"vc_empty_space\"   style=\"height: 32px\"><span class=\"vc_empty_space_inner\"><\/span><\/div><\/div><\/div><\/div><div class=\"wpb_column vc_column_container vc_col-sm-9\"><div class=\"vc_column-inner\"><div class=\"wpb_wrapper\"><h3 style=\"text-align: left;font-family:Abril Fatface;font-weight:400;font-style:normal\" class=\"vc_custom_heading\" >Boubacar Doumbia<\/h3><div class=\"vc_empty_space\"   style=\"height: 32px\"><span class=\"vc_empty_space_inner\"><\/span><\/div>\n\t<div class=\"wpb_text_column wpb_content_element\" >\n\t\t<div class=\"wpb_wrapper\">\n\t\t\t<p>Consultant et formateur en design d'int\u00e9rieur, marketing et production textile traditionnel pour le projet Indigo Dogon.\u00a0 Il est fondateur et directeur de l'Atelier et Conservatoire Ndomo des Teintures Naturelles, une entreprise sociale bas\u00e9e \u00e0 S\u00e9gou au Mali ayant pour but de former de jeunes artisans \u00e0 la production textile. Il est \u00e9galement membre du groupe Bogolan Kasobane. M. Doumbia travaille en \u00e9troite collaboration avec le Centre Indigo et la CAPID depuis 2015.<\/p>\n\n\t\t<\/div>\n\t<\/div>\n<\/div><\/div><\/div><div class=\"wpb_column vc_column_container vc_col-sm-12\"><div class=\"vc_column-inner\"><div class=\"wpb_wrapper\"><\/div><\/div><\/div><\/div>","protected":false},"excerpt":{"rendered":"Boubacar Doumbia Consultant and trainer in interior design, marketing and traditional textile production for the Indigo Dogon project.\u00a0 He is founder and director of the Ndomo Atelier and Conservatory of Natural Dyes, a social enterprise based in S\u00e9gou, Mali for the purpose of training young craftspeople in textile production. He is also a member of<p class=\"link-more\"><a href=\"https:\/\/indigodogon.com\/fr\/boubacar-doumbia\/\" class=\"more-link\"><span>Read More<\/span><span class=\"meta-nav\">&#8594;<\/span><\/a><\/p>","protected":false},"author":1,"featured_media":0,"parent":0,"menu_order":0,"comment_status":"closed","ping_status":"closed","template":"","meta":{"footnotes":""},"class_list":["post-3947","page","type-page","status-publish","hentry"],"_links":{"self":[{"href":"https:\/\/indigodogon.com\/fr\/wp-json\/wp\/v2\/pages\/3947","targetHints":{"allow":["GET"]}}],"collection":[{"href":"https:\/\/indigodogon.com\/fr\/wp-json\/wp\/v2\/pages"}],"about":[{"href":"https:\/\/indigodogon.com\/fr\/wp-json\/wp\/v2\/types\/page"}],"author":[{"embeddable":true,"href":"https:\/\/indigodogon.com\/fr\/wp-json\/wp\/v2\/users\/1"}],"replies":[{"embeddable":true,"href":"https:\/\/indigodogon.com\/fr\/wp-json\/wp\/v2\/comments?post=3947"}],"version-history":[{"count":2,"href":"https:\/\/indigodogon.com\/fr\/wp-json\/wp\/v2\/pages\/3947\/revisions"}],"predecessor-version":[{"id":3981,"href":"https:\/\/indigodogon.com\/fr\/wp-json\/wp\/v2\/pages\/3947\/revisions\/3981"}],"wp:attachment":[{"href":"https:\/\/indigodogon.com\/fr\/wp-json\/wp\/v2\/media?parent=3947"}],"curies":[{"name":"wp","href":"https:\/\/api.w.org\/{rel}","templated":true}]}}