{"id":3938,"date":"2023-06-28T20:13:13","date_gmt":"2023-06-28T18:13:13","guid":{"rendered":"https:\/\/indigodogon.com\/?page_id=3938"},"modified":"2023-10-07T10:37:15","modified_gmt":"2023-10-07T10:37:15","slug":"ousmane-guindo","status":"publish","type":"page","link":"https:\/\/indigodogon.com\/fr\/ousmane-guindo\/","title":{"rendered":"Ousmane Guindo"},"content":{"rendered":"<div class=\"vc_row wpb_row vc_row-fluid\"><div class=\"wpb_column vc_column_container vc_col-sm-3\"><div class=\"vc_column-inner\"><div class=\"wpb_wrapper\">\n\t<div  class=\"wpb_single_image wpb_content_element vc_align_left\">\n\t\t\n\t\t<figure class=\"wpb_wrapper vc_figure\">\n\t\t\t<div class=\"vc_single_image-wrapper vc_box_border_circle  vc_box_border_grey\"><img loading=\"lazy\" decoding=\"async\" class=\"vc_single_image-img\" src=\"https:\/\/indigodogon.com\/wp-content\/uploads\/2023\/06\/Ousmane-Guindo-274x274.jpg\" width=\"274\" height=\"274\" alt=\"Ousmane-Guindo\" title=\"Ousmane-Guindo\" \/><\/div>\n\t\t<\/figure>\n\t<\/div>\n<div class=\"vc_empty_space\"   style=\"height: 32px\"><span class=\"vc_empty_space_inner\"><\/span><\/div><\/div><\/div><\/div><div class=\"wpb_column vc_column_container vc_col-sm-9\"><div class=\"vc_column-inner\"><div class=\"wpb_wrapper\"><h3 style=\"text-align: left;font-family:Abril Fatface;font-weight:400;font-style:normal\" class=\"vc_custom_heading\" >Ousmane Guindo<\/h3><div class=\"vc_empty_space\"   style=\"height: 32px\"><span class=\"vc_empty_space_inner\"><\/span><\/div>\n\t<div class=\"wpb_text_column wpb_content_element\" >\n\t\t<div class=\"wpb_wrapper\">\n\t\t\t<p>Assistant formateur, sp\u00e9cialis\u00e9 en design indigo m\u00e9tallis\u00e9. Ousmane est originaire du village dogon d'Ende o\u00f9 il cultive et fabrique du textile.\u00a0 Associ\u00e9 de longue date du Centre Indigo, il a d\u00e9velopp\u00e9 une expertise dans la cr\u00e9ation de motifs m\u00e9talliques complexes sur des tissus teints en bogolan et indigo \u00e0 l'aide de bo\u00eetes de conserve recycl\u00e9es.<\/p>\n\n\t\t<\/div>\n\t<\/div>\n<\/div><\/div><\/div><div class=\"wpb_column vc_column_container vc_col-sm-12\"><div class=\"vc_column-inner\"><div class=\"wpb_wrapper\"><\/div><\/div><\/div><\/div>","protected":false},"excerpt":{"rendered":"Ousmane Guindo Assistant trainer, specializing \u00a0metallic indigo design. Ousmane is from the Dogon village of Ende where he farms and does textile crafts.\u00a0 A long-time associate of the Centre Indigo, he has developed expertise creating intricate metallic designs on bogolan and indigo dyed fabric using recycled tin cans.","protected":false},"author":1,"featured_media":0,"parent":0,"menu_order":0,"comment_status":"closed","ping_status":"closed","template":"","meta":{"footnotes":""},"class_list":["post-3938","page","type-page","status-publish","hentry"],"_links":{"self":[{"href":"https:\/\/indigodogon.com\/fr\/wp-json\/wp\/v2\/pages\/3938","targetHints":{"allow":["GET"]}}],"collection":[{"href":"https:\/\/indigodogon.com\/fr\/wp-json\/wp\/v2\/pages"}],"about":[{"href":"https:\/\/indigodogon.com\/fr\/wp-json\/wp\/v2\/types\/page"}],"author":[{"embeddable":true,"href":"https:\/\/indigodogon.com\/fr\/wp-json\/wp\/v2\/users\/1"}],"replies":[{"embeddable":true,"href":"https:\/\/indigodogon.com\/fr\/wp-json\/wp\/v2\/comments?post=3938"}],"version-history":[{"count":3,"href":"https:\/\/indigodogon.com\/fr\/wp-json\/wp\/v2\/pages\/3938\/revisions"}],"predecessor-version":[{"id":3985,"href":"https:\/\/indigodogon.com\/fr\/wp-json\/wp\/v2\/pages\/3938\/revisions\/3985"}],"wp:attachment":[{"href":"https:\/\/indigodogon.com\/fr\/wp-json\/wp\/v2\/media?parent=3938"}],"curies":[{"name":"wp","href":"https:\/\/api.w.org\/{rel}","templated":true}]}}