{"id":3930,"date":"2023-06-28T19:52:05","date_gmt":"2023-06-28T17:52:05","guid":{"rendered":"https:\/\/indigodogon.com\/?page_id=3930"},"modified":"2023-10-07T10:37:33","modified_gmt":"2023-10-07T10:37:33","slug":"salimata-yanogue","status":"publish","type":"page","link":"https:\/\/indigodogon.com\/fr\/salimata-yanogue\/","title":{"rendered":"Salimata Yanogue"},"content":{"rendered":"<div class=\"vc_row wpb_row vc_row-fluid\"><div class=\"wpb_column vc_column_container vc_col-sm-3\"><div class=\"vc_column-inner\"><div class=\"wpb_wrapper\">\n\t<div  class=\"wpb_single_image wpb_content_element vc_align_left\">\n\t\t\n\t\t<figure class=\"wpb_wrapper vc_figure\">\n\t\t\t<div class=\"vc_single_image-wrapper vc_box_border_circle  vc_box_border_grey\"><img loading=\"lazy\" decoding=\"async\" class=\"vc_single_image-img\" src=\"https:\/\/indigodogon.com\/wp-content\/uploads\/2023\/06\/Salimata-Yanogue-274x274.jpg\" width=\"274\" height=\"274\" alt=\"Salimata-Yanogu\u00e9\" title=\"Salimata-Yanogu\u00e9\" \/><\/div>\n\t\t<\/figure>\n\t<\/div>\n<div class=\"vc_empty_space\"   style=\"height: 32px\"><span class=\"vc_empty_space_inner\"><\/span><\/div><\/div><\/div><\/div><div class=\"wpb_column vc_column_container vc_col-sm-9\"><div class=\"vc_column-inner\"><div class=\"wpb_wrapper\"><h3 style=\"text-align: left;font-family:Abril Fatface;font-weight:400;font-style:normal\" class=\"vc_custom_heading\" >Salimata Yanogue<\/h3><div class=\"vc_empty_space\"   style=\"height: 32px\"><span class=\"vc_empty_space_inner\"><\/span><\/div>\n\t<div class=\"wpb_text_column wpb_content_element\" >\n\t\t<div class=\"wpb_wrapper\">\n\t\t\t<p>Pr\u00e9sident par int\u00e9rim de la coop\u00e9rative CAPID. Cette teinturi\u00e8re d'indigo exp\u00e9riment\u00e9e de la commune rurale de P\u00e9lou participe depuis une d\u00e9cennie \u00e0 tous les ateliers de formation textile et activit\u00e9s de promotion de la coop\u00e9rative. En 2023, elle avait son propre stand au Festival Ogobagna de Bamako.<\/p>\n\n\t\t<\/div>\n\t<\/div>\n<\/div><\/div><\/div><div class=\"wpb_column vc_column_container vc_col-sm-12\"><div class=\"vc_column-inner\"><div class=\"wpb_wrapper\"><\/div><\/div><\/div><\/div>","protected":false},"excerpt":{"rendered":"Salimata Yanogue Interim President of the CAPID cooperative. This experienced indigo dyer from the rural municipality of P\u00e9lou has participated in all the textile training workshops and promotional activities of the cooperative for the past decade.. In 2023, she had her own stand at the Ogobagna Festival in Bamako.","protected":false},"author":1,"featured_media":0,"parent":0,"menu_order":0,"comment_status":"closed","ping_status":"closed","template":"","meta":{"footnotes":""},"class_list":["post-3930","page","type-page","status-publish","hentry"],"_links":{"self":[{"href":"https:\/\/indigodogon.com\/fr\/wp-json\/wp\/v2\/pages\/3930","targetHints":{"allow":["GET"]}}],"collection":[{"href":"https:\/\/indigodogon.com\/fr\/wp-json\/wp\/v2\/pages"}],"about":[{"href":"https:\/\/indigodogon.com\/fr\/wp-json\/wp\/v2\/types\/page"}],"author":[{"embeddable":true,"href":"https:\/\/indigodogon.com\/fr\/wp-json\/wp\/v2\/users\/1"}],"replies":[{"embeddable":true,"href":"https:\/\/indigodogon.com\/fr\/wp-json\/wp\/v2\/comments?post=3930"}],"version-history":[{"count":2,"href":"https:\/\/indigodogon.com\/fr\/wp-json\/wp\/v2\/pages\/3930\/revisions"}],"predecessor-version":[{"id":3934,"href":"https:\/\/indigodogon.com\/fr\/wp-json\/wp\/v2\/pages\/3930\/revisions\/3934"}],"wp:attachment":[{"href":"https:\/\/indigodogon.com\/fr\/wp-json\/wp\/v2\/media?parent=3930"}],"curies":[{"name":"wp","href":"https:\/\/api.w.org\/{rel}","templated":true}]}}