{"id":3926,"date":"2023-06-28T19:50:08","date_gmt":"2023-06-28T17:50:08","guid":{"rendered":"https:\/\/indigodogon.com\/?page_id=3926"},"modified":"2023-10-07T12:38:26","modified_gmt":"2023-10-07T12:38:26","slug":"salimata-kamia","status":"publish","type":"page","link":"https:\/\/indigodogon.com\/fr\/salimata-kamia\/","title":{"rendered":"Salimata Kamia"},"content":{"rendered":"<div class=\"vc_row wpb_row vc_row-fluid\"><div class=\"wpb_column vc_column_container vc_col-sm-3\"><div class=\"vc_column-inner\"><div class=\"wpb_wrapper\">\n\t<div  class=\"wpb_single_image wpb_content_element vc_align_left\">\n\t\t\n\t\t<figure class=\"wpb_wrapper vc_figure\">\n\t\t\t<div class=\"vc_single_image-wrapper vc_box_border_circle  vc_box_border_grey\"><img loading=\"lazy\" decoding=\"async\" class=\"vc_single_image-img\" src=\"https:\/\/indigodogon.com\/wp-content\/uploads\/2023\/06\/Salimata-Kamia-274x274.jpg\" width=\"274\" height=\"274\" alt=\"Salimata-Kamia\" title=\"Salimata-Kamia\" \/><\/div>\n\t\t<\/figure>\n\t<\/div>\n<div class=\"vc_empty_space\"   style=\"height: 32px\"><span class=\"vc_empty_space_inner\"><\/span><\/div><\/div><\/div><\/div><div class=\"wpb_column vc_column_container vc_col-sm-9\"><div class=\"vc_column-inner\"><div class=\"wpb_wrapper\"><h3 style=\"text-align: left;font-family:Abril Fatface;font-weight:400;font-style:normal\" class=\"vc_custom_heading\" >Salimata Kamia <\/h3><div class=\"vc_empty_space\"   style=\"height: 32px\"><span class=\"vc_empty_space_inner\"><\/span><\/div>\n\t<div class=\"wpb_text_column wpb_content_element\" >\n\t\t<div class=\"wpb_wrapper\">\n\t\t\t<p>Vice-pr\u00e9sident de la coop\u00e9rative CAPID. Cette teinturi\u00e8re d'indigo de la commune rurale du Dourou a appris le m\u00e9tier \u00e9tant petite aupr\u00e8s de sa m\u00e8re et de sa grand-m\u00e8re. Elle est une formatrice de projet pr\u00e9cieuse qui transmet les techniques traditionnelles de teinture \u00e0 l'indigo \u00e0 la nouvelle g\u00e9n\u00e9ration d'artisans.<\/p>\n\n\t\t<\/div>\n\t<\/div>\n<\/div><\/div><\/div><div class=\"wpb_column vc_column_container vc_col-sm-12\"><div class=\"vc_column-inner\"><div class=\"wpb_wrapper\"><\/div><\/div><\/div><\/div>","protected":false},"excerpt":{"rendered":"Salimata Kamia Vice-President of the CAPID cooperative. This indigo dyer from the rural municipality of Dourou learned the craft as a girl from her mother and grandmother. She is a Valuable project trainer who transmits traditional indigo dyeing techniques to the upcoming generation of artisans.","protected":false},"author":1,"featured_media":0,"parent":0,"menu_order":0,"comment_status":"closed","ping_status":"closed","template":"","meta":{"footnotes":""},"class_list":["post-3926","page","type-page","status-publish","hentry"],"_links":{"self":[{"href":"https:\/\/indigodogon.com\/fr\/wp-json\/wp\/v2\/pages\/3926","targetHints":{"allow":["GET"]}}],"collection":[{"href":"https:\/\/indigodogon.com\/fr\/wp-json\/wp\/v2\/pages"}],"about":[{"href":"https:\/\/indigodogon.com\/fr\/wp-json\/wp\/v2\/types\/page"}],"author":[{"embeddable":true,"href":"https:\/\/indigodogon.com\/fr\/wp-json\/wp\/v2\/users\/1"}],"replies":[{"embeddable":true,"href":"https:\/\/indigodogon.com\/fr\/wp-json\/wp\/v2\/comments?post=3926"}],"version-history":[{"count":1,"href":"https:\/\/indigodogon.com\/fr\/wp-json\/wp\/v2\/pages\/3926\/revisions"}],"predecessor-version":[{"id":3928,"href":"https:\/\/indigodogon.com\/fr\/wp-json\/wp\/v2\/pages\/3926\/revisions\/3928"}],"wp:attachment":[{"href":"https:\/\/indigodogon.com\/fr\/wp-json\/wp\/v2\/media?parent=3926"}],"curies":[{"name":"wp","href":"https:\/\/api.w.org\/{rel}","templated":true}]}}