{"id":3922,"date":"2023-06-28T19:47:00","date_gmt":"2023-06-28T17:47:00","guid":{"rendered":"https:\/\/indigodogon.com\/?page_id=3922"},"modified":"2023-10-07T10:36:08","modified_gmt":"2023-10-07T10:36:08","slug":"hady-nango","status":"publish","type":"page","link":"https:\/\/indigodogon.com\/fr\/hady-nango\/","title":{"rendered":"Hady Nango"},"content":{"rendered":"<div class=\"vc_row wpb_row vc_row-fluid\"><div class=\"wpb_column vc_column_container vc_col-sm-3\"><div class=\"vc_column-inner\"><div class=\"wpb_wrapper\">\n\t<div  class=\"wpb_single_image wpb_content_element vc_align_left\">\n\t\t\n\t\t<figure class=\"wpb_wrapper vc_figure\">\n\t\t\t<div class=\"vc_single_image-wrapper vc_box_border_circle  vc_box_border_grey\"><img loading=\"lazy\" decoding=\"async\" class=\"vc_single_image-img\" src=\"https:\/\/indigodogon.com\/wp-content\/uploads\/2023\/06\/Hady-Nango-274x274.jpeg\" width=\"274\" height=\"274\" alt=\"Hady-Nango\" title=\"Hady-Nango\" \/><\/div>\n\t\t<\/figure>\n\t<\/div>\n<div class=\"vc_empty_space\"   style=\"height: 32px\"><span class=\"vc_empty_space_inner\"><\/span><\/div><\/div><\/div><\/div><div class=\"wpb_column vc_column_container vc_col-sm-9\"><div class=\"vc_column-inner\"><div class=\"wpb_wrapper\"><h3 style=\"text-align: left;font-family:Abril Fatface;font-weight:400;font-style:normal\" class=\"vc_custom_heading\" >Hady Nango<\/h3><div class=\"vc_empty_space\"   style=\"height: 32px\"><span class=\"vc_empty_space_inner\"><\/span><\/div>\n\t<div class=\"wpb_text_column wpb_content_element\" >\n\t\t<div class=\"wpb_wrapper\">\n\t\t\t<p class=\"translation-block\">Artisan textile Dogon, repr\u00e9sentant de la jeunesse et formateur<strong>. <\/strong>A 23 ans, ce talentueux artisan indigo de Bandiagara se sp\u00e9cialise dans les techniques de tie-dye indigo qu'il partage avec d'autres artisans d\u00e9butants. Il entend continuer \u00e0 innover et \u00e0 promouvoir l\u2019artisanat traditionnel de la teinture textile \u00e0 base de plantes.<\/p>\n\n\t\t<\/div>\n\t<\/div>\n<\/div><\/div><\/div><div class=\"wpb_column vc_column_container vc_col-sm-12\"><div class=\"vc_column-inner\"><div class=\"wpb_wrapper\"><\/div><\/div><\/div><\/div>","protected":false},"excerpt":{"rendered":"Hady Nango Dogon textile artisan, youth representative and trainer. At age 23, this talented indigo craftsman from Bandiagara specializes in indigo tie-dye techniques which he shares with other entry-level artisans. He intends to continue innovating and promoting the craft of traditional plant-based textile dyeing.","protected":false},"author":1,"featured_media":0,"parent":0,"menu_order":0,"comment_status":"closed","ping_status":"closed","template":"","meta":{"footnotes":""},"class_list":["post-3922","page","type-page","status-publish","hentry"],"_links":{"self":[{"href":"https:\/\/indigodogon.com\/fr\/wp-json\/wp\/v2\/pages\/3922","targetHints":{"allow":["GET"]}}],"collection":[{"href":"https:\/\/indigodogon.com\/fr\/wp-json\/wp\/v2\/pages"}],"about":[{"href":"https:\/\/indigodogon.com\/fr\/wp-json\/wp\/v2\/types\/page"}],"author":[{"embeddable":true,"href":"https:\/\/indigodogon.com\/fr\/wp-json\/wp\/v2\/users\/1"}],"replies":[{"embeddable":true,"href":"https:\/\/indigodogon.com\/fr\/wp-json\/wp\/v2\/comments?post=3922"}],"version-history":[{"count":1,"href":"https:\/\/indigodogon.com\/fr\/wp-json\/wp\/v2\/pages\/3922\/revisions"}],"predecessor-version":[{"id":3924,"href":"https:\/\/indigodogon.com\/fr\/wp-json\/wp\/v2\/pages\/3922\/revisions\/3924"}],"wp:attachment":[{"href":"https:\/\/indigodogon.com\/fr\/wp-json\/wp\/v2\/media?parent=3922"}],"curies":[{"name":"wp","href":"https:\/\/api.w.org\/{rel}","templated":true}]}}