{"id":3908,"date":"2023-06-28T19:27:44","date_gmt":"2023-06-28T17:27:44","guid":{"rendered":"https:\/\/indigodogon.com\/?page_id=3908"},"modified":"2023-10-07T09:51:28","modified_gmt":"2023-10-07T09:51:28","slug":"idrissa-goro","status":"publish","type":"page","link":"https:\/\/indigodogon.com\/fr\/idrissa-goro\/","title":{"rendered":"Idrissa Goro"},"content":{"rendered":"<div class=\"vc_row wpb_row vc_row-fluid\"><div class=\"wpb_column vc_column_container vc_col-sm-3\"><div class=\"vc_column-inner\"><div class=\"wpb_wrapper\">\n\t<div  class=\"wpb_single_image wpb_content_element vc_align_left\">\n\t\t\n\t\t<figure class=\"wpb_wrapper vc_figure\">\n\t\t\t<div class=\"vc_single_image-wrapper vc_box_border_circle  vc_box_border_grey\"><img loading=\"lazy\" decoding=\"async\" class=\"vc_single_image-img\" src=\"https:\/\/indigodogon.com\/wp-content\/uploads\/2023\/06\/Idrissa-Goro-274x274.jpg\" width=\"274\" height=\"274\" alt=\"Idrissa-Goro\" title=\"Idrissa-Goro\" \/><\/div>\n\t\t<\/figure>\n\t<\/div>\n<div class=\"vc_empty_space\"   style=\"height: 32px\"><span class=\"vc_empty_space_inner\"><\/span><\/div><\/div><\/div><\/div><div class=\"wpb_column vc_column_container vc_col-sm-9\"><div class=\"vc_column-inner\"><div class=\"wpb_wrapper\"><h3 style=\"text-align: left;font-family:Abril Fatface;font-weight:400;font-style:normal\" class=\"vc_custom_heading\" >Idrissa Goro<\/h3><div class=\"vc_empty_space\"   style=\"height: 32px\"><span class=\"vc_empty_space_inner\"><\/span><\/div>\n\t<div class=\"wpb_text_column wpb_content_element\" >\n\t\t<div class=\"wpb_wrapper\">\n\t\t\t<p>Cette talentueuse artiste textile et ancienne formatrice textile indigo \u00e9tait en charge de la s\u00e9ance photo de mode du projet Indigo Dogon. \u00a0Dipl\u00f4m\u00e9 d'une ma\u00eetrise en beaux-arts du Conservatoire Bala Fassekeye Kouyat\u00e9 de Bamako, il a r\u00e9cemment pr\u00e9sent\u00e9 une exposition personnelle de son art \u00e0 Madrid, en Espagne.<\/p>\n\n\t\t<\/div>\n\t<\/div>\n<\/div><\/div><\/div><div class=\"wpb_column vc_column_container vc_col-sm-12\"><div class=\"vc_column-inner\"><div class=\"wpb_wrapper\"><\/div><\/div><\/div><\/div>","protected":false},"excerpt":{"rendered":"Idrissa Goro This talented textile artist and former indigo textile trainer was in charge of the Indigo Dogon project fashion photo shoot. \u00a0A\u00a0 Master in Fine Arts\u00a0 graduate of the Conservatoire Bala Fassekeye Kouyate inBamako, he recently had a solo exhibition of his art in Madrid, Spain.","protected":false},"author":1,"featured_media":0,"parent":0,"menu_order":0,"comment_status":"closed","ping_status":"closed","template":"","meta":{"footnotes":""},"class_list":["post-3908","page","type-page","status-publish","hentry"],"_links":{"self":[{"href":"https:\/\/indigodogon.com\/fr\/wp-json\/wp\/v2\/pages\/3908","targetHints":{"allow":["GET"]}}],"collection":[{"href":"https:\/\/indigodogon.com\/fr\/wp-json\/wp\/v2\/pages"}],"about":[{"href":"https:\/\/indigodogon.com\/fr\/wp-json\/wp\/v2\/types\/page"}],"author":[{"embeddable":true,"href":"https:\/\/indigodogon.com\/fr\/wp-json\/wp\/v2\/users\/1"}],"replies":[{"embeddable":true,"href":"https:\/\/indigodogon.com\/fr\/wp-json\/wp\/v2\/comments?post=3908"}],"version-history":[{"count":2,"href":"https:\/\/indigodogon.com\/fr\/wp-json\/wp\/v2\/pages\/3908\/revisions"}],"predecessor-version":[{"id":3912,"href":"https:\/\/indigodogon.com\/fr\/wp-json\/wp\/v2\/pages\/3908\/revisions\/3912"}],"wp:attachment":[{"href":"https:\/\/indigodogon.com\/fr\/wp-json\/wp\/v2\/media?parent=3908"}],"curies":[{"name":"wp","href":"https:\/\/api.w.org\/{rel}","templated":true}]}}