{"id":3903,"date":"2023-06-28T19:23:35","date_gmt":"2023-06-28T17:23:35","guid":{"rendered":"https:\/\/indigodogon.com\/?page_id=3903"},"modified":"2023-10-07T09:50:38","modified_gmt":"2023-10-07T09:50:38","slug":"sabine-kone","status":"publish","type":"page","link":"https:\/\/indigodogon.com\/fr\/sabine-kone\/","title":{"rendered":"Sabine Kone"},"content":{"rendered":"<div class=\"vc_row wpb_row vc_row-fluid\"><div class=\"wpb_column vc_column_container vc_col-sm-3\"><div class=\"vc_column-inner\"><div class=\"wpb_wrapper\">\n\t<div  class=\"wpb_single_image wpb_content_element vc_align_left\">\n\t\t\n\t\t<figure class=\"wpb_wrapper vc_figure\">\n\t\t\t<div class=\"vc_single_image-wrapper vc_box_border_circle  vc_box_border_grey\"><img loading=\"lazy\" decoding=\"async\" class=\"vc_single_image-img\" src=\"https:\/\/indigodogon.com\/wp-content\/uploads\/2023\/06\/Sabine-Kone-274x274.jpg\" width=\"274\" height=\"274\" alt=\"Sabine-Kone\" title=\"Sabine-Kone\" \/><\/div>\n\t\t<\/figure>\n\t<\/div>\n<div class=\"vc_empty_space\"   style=\"height: 32px\"><span class=\"vc_empty_space_inner\"><\/span><\/div><\/div><\/div><\/div><div class=\"wpb_column vc_column_container vc_col-sm-9\"><div class=\"vc_column-inner\"><div class=\"wpb_wrapper\"><h3 style=\"text-align: left;font-family:Abril Fatface;font-weight:400;font-style:normal\" class=\"vc_custom_heading\" >Sabine Kone<\/h3><div class=\"vc_empty_space\"   style=\"height: 32px\"><span class=\"vc_empty_space_inner\"><\/span><\/div>\n\t<div class=\"wpb_text_column wpb_content_element\" >\n\t\t<div class=\"wpb_wrapper\">\n\t\t\t<p>Consultante en mode et repr\u00e9sentante des consommateurs. N\u00e9e en Suisse, elle a v\u00e9cu la majeure partie de sa vie adulte au Mali, o\u00f9 elle a travaill\u00e9 avec des ONG canadiennes et europ\u00e9ennes sur des projets environnementaux et bas\u00e9s sur le genre et a enseign\u00e9 \u00e0 l'\u00e9cole am\u00e9ricaine de Bamako. Elle est professeur de yoga et conseill\u00e8re b\u00e9n\u00e9vole qui organise fr\u00e9quemment des activit\u00e9s Indigo Dogon.<\/p>\n\n\t\t<\/div>\n\t<\/div>\n<\/div><\/div><\/div><div class=\"wpb_column vc_column_container vc_col-sm-12\"><div class=\"vc_column-inner\"><div class=\"wpb_wrapper\"><\/div><\/div><\/div><\/div>","protected":false},"excerpt":{"rendered":"Sabine Kone Fashion consultant \u00a0and consumer representative. Born in Switzerland, she has lived most of her adult life in Mali, where she\u2019s worked with Canadian and European NGOS\u00a0 on environmental and gender- based projects\u00a0 and taught at the American School in Bamako. She is a yoga teacher and a volunteer advisor who hosts frequent Indigo<p class=\"link-more\"><a href=\"https:\/\/indigodogon.com\/fr\/sabine-kone\/\" class=\"more-link\"><span>Read More<\/span><span class=\"meta-nav\">&#8594;<\/span><\/a><\/p>","protected":false},"author":1,"featured_media":0,"parent":0,"menu_order":0,"comment_status":"closed","ping_status":"closed","template":"","meta":{"footnotes":""},"class_list":["post-3903","page","type-page","status-publish","hentry"],"_links":{"self":[{"href":"https:\/\/indigodogon.com\/fr\/wp-json\/wp\/v2\/pages\/3903","targetHints":{"allow":["GET"]}}],"collection":[{"href":"https:\/\/indigodogon.com\/fr\/wp-json\/wp\/v2\/pages"}],"about":[{"href":"https:\/\/indigodogon.com\/fr\/wp-json\/wp\/v2\/types\/page"}],"author":[{"embeddable":true,"href":"https:\/\/indigodogon.com\/fr\/wp-json\/wp\/v2\/users\/1"}],"replies":[{"embeddable":true,"href":"https:\/\/indigodogon.com\/fr\/wp-json\/wp\/v2\/comments?post=3903"}],"version-history":[{"count":2,"href":"https:\/\/indigodogon.com\/fr\/wp-json\/wp\/v2\/pages\/3903\/revisions"}],"predecessor-version":[{"id":3907,"href":"https:\/\/indigodogon.com\/fr\/wp-json\/wp\/v2\/pages\/3903\/revisions\/3907"}],"wp:attachment":[{"href":"https:\/\/indigodogon.com\/fr\/wp-json\/wp\/v2\/media?parent=3903"}],"curies":[{"name":"wp","href":"https:\/\/api.w.org\/{rel}","templated":true}]}}