{"id":3896,"date":"2023-06-28T19:17:44","date_gmt":"2023-06-28T17:17:44","guid":{"rendered":"https:\/\/indigodogon.com\/?page_id=3896"},"modified":"2023-10-07T09:50:19","modified_gmt":"2023-10-07T09:50:19","slug":"kristen-caskey","status":"publish","type":"page","link":"https:\/\/indigodogon.com\/fr\/kristen-caskey\/","title":{"rendered":"Kristen Caskey"},"content":{"rendered":"<div class=\"vc_row wpb_row vc_row-fluid\"><div class=\"wpb_column vc_column_container vc_col-sm-3\"><div class=\"vc_column-inner\"><div class=\"wpb_wrapper\"><div class=\"vc_empty_space\"   style=\"height: 32px\"><span class=\"vc_empty_space_inner\"><\/span><\/div>\n\t<div  class=\"wpb_single_image wpb_content_element vc_align_left\">\n\t\t\n\t\t<figure class=\"wpb_wrapper vc_figure\">\n\t\t\t<div class=\"vc_single_image-wrapper vc_box_border_circle  vc_box_border_grey\"><img loading=\"lazy\" decoding=\"async\" class=\"vc_single_image-img\" src=\"https:\/\/indigodogon.com\/wp-content\/uploads\/2023\/06\/KRISTEN-CASKEY-274x274.jpg\" width=\"274\" height=\"274\" alt=\"KRISTEN-CASKEY\" title=\"KRISTEN-CASKEY\" \/><\/div>\n\t\t<\/figure>\n\t<\/div>\n<\/div><\/div><\/div><div class=\"wpb_column vc_column_container vc_col-sm-9\"><div class=\"vc_column-inner\"><div class=\"wpb_wrapper\"><h3 style=\"text-align: left;font-family:Abril Fatface;font-weight:400;font-style:normal\" class=\"vc_custom_heading\" >Kristen Caskey <\/h3><div class=\"vc_empty_space\"   style=\"height: 32px\"><span class=\"vc_empty_space_inner\"><\/span><\/div>\n\t<div class=\"wpb_text_column wpb_content_element\" >\n\t\t<div class=\"wpb_wrapper\">\n\t\t\t<p class=\"translation-block\">Mentor en design de mode et marketing. Kristin Caskey est directrice principale des beaux-arts et pr\u00e9sidente de sculpture \u00e0 la Virginia Commonwealth University, ainsi que professeure agr\u00e9g\u00e9e de mode. Son travail utilise l'histoire du textile, les pratiques durables en studio et l'impression textile num\u00e9rique et a \u00e9t\u00e9 largement expos\u00e9 aux \u00c9tats-Unis. \u00a0Son projet <em>Cultural Traveler <\/em> a remport\u00e9 le Queen Sirikit Peacock Standard for Thai Silk, et <em>A New Suit of Clothes<\/em> a remport\u00e9 le prix d'excellence ATEX Inc en mati\u00e8re de conception textile commercialisable.<\/p>\n\n\t\t<\/div>\n\t<\/div>\n<\/div><\/div><\/div><div class=\"wpb_column vc_column_container vc_col-sm-12\"><div class=\"vc_column-inner\"><div class=\"wpb_wrapper\"><\/div><\/div><\/div><\/div>","protected":false},"excerpt":{"rendered":"Kristen Caskey Fashion design and marketing mentor. Kristin Caskey is the Senior Director for the Fine Arts and Chair of Sculpture at Virginia Commonwealth University, and Associate Professor in Fashion. Her work utilizes textile history, sustainable studio practice, and digital textile printing and has been shown extensively in the US. \u00a0Her Cultural Traveller project won<p class=\"link-more\"><a href=\"https:\/\/indigodogon.com\/fr\/kristen-caskey\/\" class=\"more-link\"><span>Read More<\/span><span class=\"meta-nav\">&#8594;<\/span><\/a><\/p>","protected":false},"author":1,"featured_media":0,"parent":0,"menu_order":0,"comment_status":"closed","ping_status":"closed","template":"","meta":{"footnotes":""},"class_list":["post-3896","page","type-page","status-publish","hentry"],"_links":{"self":[{"href":"https:\/\/indigodogon.com\/fr\/wp-json\/wp\/v2\/pages\/3896","targetHints":{"allow":["GET"]}}],"collection":[{"href":"https:\/\/indigodogon.com\/fr\/wp-json\/wp\/v2\/pages"}],"about":[{"href":"https:\/\/indigodogon.com\/fr\/wp-json\/wp\/v2\/types\/page"}],"author":[{"embeddable":true,"href":"https:\/\/indigodogon.com\/fr\/wp-json\/wp\/v2\/users\/1"}],"replies":[{"embeddable":true,"href":"https:\/\/indigodogon.com\/fr\/wp-json\/wp\/v2\/comments?post=3896"}],"version-history":[{"count":1,"href":"https:\/\/indigodogon.com\/fr\/wp-json\/wp\/v2\/pages\/3896\/revisions"}],"predecessor-version":[{"id":3897,"href":"https:\/\/indigodogon.com\/fr\/wp-json\/wp\/v2\/pages\/3896\/revisions\/3897"}],"wp:attachment":[{"href":"https:\/\/indigodogon.com\/fr\/wp-json\/wp\/v2\/media?parent=3896"}],"curies":[{"name":"wp","href":"https:\/\/api.w.org\/{rel}","templated":true}]}}