{"id":3891,"date":"2023-06-28T19:13:50","date_gmt":"2023-06-28T17:13:50","guid":{"rendered":"https:\/\/indigodogon.com\/?page_id=3891"},"modified":"2023-10-07T09:49:44","modified_gmt":"2023-10-07T09:49:44","slug":"brenda-winstead","status":"publish","type":"page","link":"https:\/\/indigodogon.com\/fr\/brenda-winstead\/","title":{"rendered":"Brenda Winstead"},"content":{"rendered":"<div class=\"vc_row wpb_row vc_row-fluid\"><div class=\"wpb_column vc_column_container vc_col-sm-3\"><div class=\"vc_column-inner\"><div class=\"wpb_wrapper\">\n\t<div  class=\"wpb_single_image wpb_content_element vc_align_left\">\n\t\t\n\t\t<figure class=\"wpb_wrapper vc_figure\">\n\t\t\t<div class=\"vc_single_image-wrapper vc_box_border_circle  vc_box_border_grey\"><img loading=\"lazy\" decoding=\"async\" class=\"vc_single_image-img\" src=\"https:\/\/indigodogon.com\/wp-content\/uploads\/2023\/06\/Brenda-Winstead-274x274.jpg\" width=\"274\" height=\"274\" alt=\"Brenda-Winstead\" title=\"Brenda-Winstead\" \/><\/div>\n\t\t<\/figure>\n\t<\/div>\n<div class=\"vc_empty_space\"   style=\"height: 32px\"><span class=\"vc_empty_space_inner\"><\/span><\/div><\/div><\/div><\/div><div class=\"wpb_column vc_column_container vc_col-sm-9\"><div class=\"vc_column-inner\"><div class=\"wpb_wrapper\"><h3 style=\"text-align: left;font-family:Abril Fatface;font-weight:400;font-style:normal\" class=\"vc_custom_heading\" >Brenda Winstead <\/h3><div class=\"vc_empty_space\"   style=\"height: 32px\"><span class=\"vc_empty_space_inner\"><\/span><\/div>\n\t<div class=\"wpb_text_column wpb_content_element\" >\n\t\t<div class=\"wpb_wrapper\">\n\t\t\t<p>Pr\u00e9sident du mentorat et de l'\u00e9valuation du design de mode pour le projet Indigo Dogon.\u00a0 Ce c\u00e9l\u00e8bre designer afro-am\u00e9ricain du Maryland aux \u00c9tats-Unis dirige Damali Afrikan Wear haute couture. Depuis plus de 20 ans, Mme Winstead vient au Mali et dans d'autres pays d'Afrique de l'Ouest pour acheter des textiles fabriqu\u00e9s \u00e0 la main et travailler avec des teinturiers et des tisserands experts. Son travail innovant bas\u00e9 sur les textiles traditionnels africains a r\u00e9volutionn\u00e9 le monde de la mode am\u00e9ricaine.<\/p>\n\n\t\t<\/div>\n\t<\/div>\n<\/div><\/div><\/div><div class=\"wpb_column vc_column_container vc_col-sm-12\"><div class=\"vc_column-inner\"><div class=\"wpb_wrapper\"><\/div><\/div><\/div><\/div>","protected":false},"excerpt":{"rendered":"Brenda Winstead President of fashion design mentoring and evaluation for the Indigo Dogon project.\u00a0 This celebrated African American designer from Maryland USA heads Damali Afrikan Wear haute couture. For over 20 years, Ms Winstead has been coming to Mali and other West African countries to purchase hand-crafted textiles and work with expert textile dyers and<p class=\"link-more\"><a href=\"https:\/\/indigodogon.com\/fr\/brenda-winstead\/\" class=\"more-link\"><span>Read More<\/span><span class=\"meta-nav\">&#8594;<\/span><\/a><\/p>","protected":false},"author":1,"featured_media":0,"parent":0,"menu_order":0,"comment_status":"closed","ping_status":"closed","template":"","meta":{"footnotes":""},"class_list":["post-3891","page","type-page","status-publish","hentry"],"_links":{"self":[{"href":"https:\/\/indigodogon.com\/fr\/wp-json\/wp\/v2\/pages\/3891","targetHints":{"allow":["GET"]}}],"collection":[{"href":"https:\/\/indigodogon.com\/fr\/wp-json\/wp\/v2\/pages"}],"about":[{"href":"https:\/\/indigodogon.com\/fr\/wp-json\/wp\/v2\/types\/page"}],"author":[{"embeddable":true,"href":"https:\/\/indigodogon.com\/fr\/wp-json\/wp\/v2\/users\/1"}],"replies":[{"embeddable":true,"href":"https:\/\/indigodogon.com\/fr\/wp-json\/wp\/v2\/comments?post=3891"}],"version-history":[{"count":1,"href":"https:\/\/indigodogon.com\/fr\/wp-json\/wp\/v2\/pages\/3891\/revisions"}],"predecessor-version":[{"id":3892,"href":"https:\/\/indigodogon.com\/fr\/wp-json\/wp\/v2\/pages\/3891\/revisions\/3892"}],"wp:attachment":[{"href":"https:\/\/indigodogon.com\/fr\/wp-json\/wp\/v2\/media?parent=3891"}],"curies":[{"name":"wp","href":"https:\/\/api.w.org\/{rel}","templated":true}]}}