{"id":3884,"date":"2023-06-28T19:08:31","date_gmt":"2023-06-28T17:08:31","guid":{"rendered":"https:\/\/indigodogon.com\/?page_id=3884"},"modified":"2023-10-07T09:50:30","modified_gmt":"2023-10-07T09:50:30","slug":"idrissa-badri-dembele","status":"publish","type":"page","link":"https:\/\/indigodogon.com\/fr\/idrissa-badri-dembele\/","title":{"rendered":"Idrissa \u2018Badri\u2019 Dembele"},"content":{"rendered":"<div class=\"vc_row wpb_row vc_row-fluid\"><div class=\"wpb_column vc_column_container vc_col-sm-3\"><div class=\"vc_column-inner\"><div class=\"wpb_wrapper\">\n\t<div  class=\"wpb_single_image wpb_content_element vc_align_left\">\n\t\t\n\t\t<figure class=\"wpb_wrapper vc_figure\">\n\t\t\t<div class=\"vc_single_image-wrapper vc_box_border_circle  vc_box_border_grey\"><img loading=\"lazy\" decoding=\"async\" class=\"vc_single_image-img\" src=\"https:\/\/indigodogon.com\/wp-content\/uploads\/2023\/06\/159510201_3501368609965041_4804498176049257169_n-274x274.jpg\" width=\"274\" height=\"274\" alt=\"badri\" title=\"badri\" \/><\/div>\n\t\t<\/figure>\n\t<\/div>\n<div class=\"vc_empty_space\"   style=\"height: 32px\"><span class=\"vc_empty_space_inner\"><\/span><\/div><\/div><\/div><\/div><div class=\"wpb_column vc_column_container vc_col-sm-9\"><div class=\"vc_column-inner\"><div class=\"wpb_wrapper\"><h3 style=\"text-align: left;font-family:Abril Fatface;font-weight:400;font-style:normal\" class=\"vc_custom_heading\" >Idrissa \u2018Badri\u2019 Dembele<\/h3><div class=\"vc_empty_space\"   style=\"height: 32px\"><span class=\"vc_empty_space_inner\"><\/span><\/div>\n\t<div class=\"wpb_text_column wpb_content_element\" >\n\t\t<div class=\"wpb_wrapper\">\n\t\t\t<p>est le designer de d\u00e9coration d'int\u00e9rieur du projet. Fils de Tletigui Dembl\u00e9e, membre du groupe Bogolan Kasobane, il est initi\u00e9 d\u00e8s son plus jeune \u00e2ge aux teintures naturelles et au design textile.\u00a0 Il travaille plusieurs ann\u00e9es sous la direction de Boubacar Doumbia \u00e0 l'Altelier Ndomo et se sp\u00e9cialise dans les traditions du bogolan et de l'indigo, cr\u00e9ant des couvre-lits, des nappes, des oreillers et des tableaux d\u00e9coratifs.<\/p>\n\n\t\t<\/div>\n\t<\/div>\n<\/div><\/div><\/div><div class=\"wpb_column vc_column_container vc_col-sm-12\"><div class=\"vc_column-inner\"><div class=\"wpb_wrapper\"><\/div><\/div><\/div><\/div>","protected":false},"excerpt":{"rendered":"Idrissa \u2018Badri\u2019 Dembele is the project interior decoration designer. Son of Tletigui Demblee, member of the Bogolan Kasobane group, he was initiated\u00a0 in natural dyes and textile design from an early age.\u00a0 He worked for several years under Boubacar Doumbia at the Altelier Ndomo and specializes in the traditions of bogolan and indigo, creating bedspreads,<p class=\"link-more\"><a href=\"https:\/\/indigodogon.com\/fr\/idrissa-badri-dembele\/\" class=\"more-link\"><span>Read More<\/span><span class=\"meta-nav\">&#8594;<\/span><\/a><\/p>","protected":false},"author":1,"featured_media":0,"parent":0,"menu_order":0,"comment_status":"closed","ping_status":"closed","template":"","meta":{"footnotes":""},"class_list":["post-3884","page","type-page","status-publish","hentry"],"_links":{"self":[{"href":"https:\/\/indigodogon.com\/fr\/wp-json\/wp\/v2\/pages\/3884","targetHints":{"allow":["GET"]}}],"collection":[{"href":"https:\/\/indigodogon.com\/fr\/wp-json\/wp\/v2\/pages"}],"about":[{"href":"https:\/\/indigodogon.com\/fr\/wp-json\/wp\/v2\/types\/page"}],"author":[{"embeddable":true,"href":"https:\/\/indigodogon.com\/fr\/wp-json\/wp\/v2\/users\/1"}],"replies":[{"embeddable":true,"href":"https:\/\/indigodogon.com\/fr\/wp-json\/wp\/v2\/comments?post=3884"}],"version-history":[{"count":2,"href":"https:\/\/indigodogon.com\/fr\/wp-json\/wp\/v2\/pages\/3884\/revisions"}],"predecessor-version":[{"id":3969,"href":"https:\/\/indigodogon.com\/fr\/wp-json\/wp\/v2\/pages\/3884\/revisions\/3969"}],"wp:attachment":[{"href":"https:\/\/indigodogon.com\/fr\/wp-json\/wp\/v2\/media?parent=3884"}],"curies":[{"name":"wp","href":"https:\/\/api.w.org\/{rel}","templated":true}]}}