{"id":3876,"date":"2023-06-28T19:01:54","date_gmt":"2023-06-28T17:01:54","guid":{"rendered":"https:\/\/indigodogon.com\/?page_id=3876"},"modified":"2023-10-25T10:41:44","modified_gmt":"2023-10-25T10:41:44","slug":"zaynabou-yarro","status":"publish","type":"page","link":"https:\/\/indigodogon.com\/fr\/zaynabou-yarro\/","title":{"rendered":"Zaynabou Yaro"},"content":{"rendered":"<div class=\"vc_row wpb_row vc_row-fluid\"><div class=\"wpb_column vc_column_container vc_col-sm-3\"><div class=\"vc_column-inner\"><div class=\"wpb_wrapper\">\n\t<div  class=\"wpb_single_image wpb_content_element vc_align_left\">\n\t\t\n\t\t<figure class=\"wpb_wrapper vc_figure\">\n\t\t\t<div class=\"vc_single_image-wrapper vc_box_border_circle  vc_box_border_grey\"><img loading=\"lazy\" decoding=\"async\" class=\"vc_single_image-img\" src=\"https:\/\/indigodogon.com\/wp-content\/uploads\/2023\/06\/Zaynabou-Yarro-274x274.jpg\" width=\"274\" height=\"274\" alt=\"Zaynabou-Yarro\" title=\"Zaynabou-Yarro\" \/><\/div>\n\t\t<\/figure>\n\t<\/div>\n<div class=\"vc_empty_space\"   style=\"height: 32px\"><span class=\"vc_empty_space_inner\"><\/span><\/div><\/div><\/div><\/div><div class=\"wpb_column vc_column_container vc_col-sm-9\"><div class=\"vc_column-inner\"><div class=\"wpb_wrapper\"><h3 style=\"text-align: left;font-family:Abril Fatface;font-weight:400;font-style:normal\" class=\"vc_custom_heading\" >Zaynabou Yaro<\/h3><div class=\"vc_empty_space\"   style=\"height: 32px\"><span class=\"vc_empty_space_inner\"><\/span><\/div>\n\t<div class=\"wpb_text_column wpb_content_element\" >\n\t\t<div class=\"wpb_wrapper\">\n\t\t\t<p class=\"translation-block\">N\u00e9e en 1993 \u00e0 Ed\u00e9a au Cameroun, cette styliste et cr\u00e9atrice de mode vit \u00e0 Bamako o\u00f9 elle a cr\u00e9\u00e9 sa marque <strong>ZY-FASH<\/strong> en 2019.<\/p>\n\n\t\t<\/div>\n\t<\/div>\n<\/div><\/div><\/div><div class=\"wpb_column vc_column_container vc_col-sm-12\"><div class=\"vc_column-inner\"><div class=\"wpb_wrapper\"><\/div><\/div><\/div><\/div>","protected":false},"excerpt":{"rendered":"Zaynabou Yaro Born in 1993 in Ed\u00e9a, Cameroun, this styliste and fashion designer lives in Bamako where she created her label ZY-FASH in 2019.","protected":false},"author":1,"featured_media":0,"parent":0,"menu_order":0,"comment_status":"closed","ping_status":"closed","template":"","meta":{"footnotes":""},"class_list":["post-3876","page","type-page","status-publish","hentry"],"_links":{"self":[{"href":"https:\/\/indigodogon.com\/fr\/wp-json\/wp\/v2\/pages\/3876","targetHints":{"allow":["GET"]}}],"collection":[{"href":"https:\/\/indigodogon.com\/fr\/wp-json\/wp\/v2\/pages"}],"about":[{"href":"https:\/\/indigodogon.com\/fr\/wp-json\/wp\/v2\/types\/page"}],"author":[{"embeddable":true,"href":"https:\/\/indigodogon.com\/fr\/wp-json\/wp\/v2\/users\/1"}],"replies":[{"embeddable":true,"href":"https:\/\/indigodogon.com\/fr\/wp-json\/wp\/v2\/comments?post=3876"}],"version-history":[{"count":2,"href":"https:\/\/indigodogon.com\/fr\/wp-json\/wp\/v2\/pages\/3876\/revisions"}],"predecessor-version":[{"id":6635,"href":"https:\/\/indigodogon.com\/fr\/wp-json\/wp\/v2\/pages\/3876\/revisions\/6635"}],"wp:attachment":[{"href":"https:\/\/indigodogon.com\/fr\/wp-json\/wp\/v2\/media?parent=3876"}],"curies":[{"name":"wp","href":"https:\/\/api.w.org\/{rel}","templated":true}]}}