{"id":3869,"date":"2023-06-28T18:56:47","date_gmt":"2023-06-28T16:56:47","guid":{"rendered":"https:\/\/indigodogon.com\/?page_id=3869"},"modified":"2023-10-07T09:48:17","modified_gmt":"2023-10-07T09:48:17","slug":"mariam-and-natasha-togola","status":"publish","type":"page","link":"https:\/\/indigodogon.com\/fr\/mariam-and-natasha-togola\/","title":{"rendered":"Mariam and Natasha Togola"},"content":{"rendered":"<div class=\"vc_row wpb_row vc_row-fluid\"><div class=\"wpb_column vc_column_container vc_col-sm-3\"><div class=\"vc_column-inner\"><div class=\"wpb_wrapper\">\n\t<div  class=\"wpb_single_image wpb_content_element vc_align_left\">\n\t\t\n\t\t<figure class=\"wpb_wrapper vc_figure\">\n\t\t\t<div class=\"vc_single_image-wrapper vc_box_border_circle  vc_box_border_grey\"><img loading=\"lazy\" decoding=\"async\" class=\"vc_single_image-img\" src=\"https:\/\/indigodogon.com\/wp-content\/uploads\/2023\/06\/Nathalie-Togola-274x274.jpg\" width=\"274\" height=\"274\" alt=\"Nathalie-Togola\" title=\"Nathalie-Togola\" \/><\/div>\n\t\t<\/figure>\n\t<\/div>\n<div class=\"vc_empty_space\"   style=\"height: 32px\"><span class=\"vc_empty_space_inner\"><\/span><\/div><\/div><\/div><\/div><div class=\"wpb_column vc_column_container vc_col-sm-9\"><div class=\"vc_column-inner\"><div class=\"wpb_wrapper\"><h3 style=\"text-align: left;font-family:Abril Fatface;font-weight:400;font-style:normal\" class=\"vc_custom_heading\" >Mariam and Natasha Togola<\/h3><div class=\"vc_empty_space\"   style=\"height: 32px\"><span class=\"vc_empty_space_inner\"><\/span><\/div>\n\t<div class=\"wpb_text_column wpb_content_element\" >\n\t\t<div class=\"wpb_wrapper\">\n\t\t\t<p class=\"translation-block\">Avec leur label\u00a0<b>Emilia-Nova<\/b>, cette \u00e9quipe m\u00e8re-fille de Natalia Sylla et Mariam Togola con\u00e7oit des modes modernes, d\u00e9contract\u00e9es et unisexes qui visent \u00e0 promouvoir les textiles 100 % coton du Mali au niveau local et international.<\/p>\n\n\t\t<\/div>\n\t<\/div>\n<\/div><\/div><\/div><div class=\"wpb_column vc_column_container vc_col-sm-12\"><div class=\"vc_column-inner\"><div class=\"wpb_wrapper\"><\/div><\/div><\/div><\/div>","protected":false},"excerpt":{"rendered":"Mariam and Natasha Togola With their label\u00a0Emilia-Nova, this mother &amp; daughter team of Natalia Sylla and Mariam Togola design modern, casual and unisex fashions that aim to promote 100 % cotton textiles from Mali locally and internationally.","protected":false},"author":1,"featured_media":0,"parent":0,"menu_order":0,"comment_status":"closed","ping_status":"closed","template":"","meta":{"footnotes":""},"class_list":["post-3869","page","type-page","status-publish","hentry"],"_links":{"self":[{"href":"https:\/\/indigodogon.com\/fr\/wp-json\/wp\/v2\/pages\/3869","targetHints":{"allow":["GET"]}}],"collection":[{"href":"https:\/\/indigodogon.com\/fr\/wp-json\/wp\/v2\/pages"}],"about":[{"href":"https:\/\/indigodogon.com\/fr\/wp-json\/wp\/v2\/types\/page"}],"author":[{"embeddable":true,"href":"https:\/\/indigodogon.com\/fr\/wp-json\/wp\/v2\/users\/1"}],"replies":[{"embeddable":true,"href":"https:\/\/indigodogon.com\/fr\/wp-json\/wp\/v2\/comments?post=3869"}],"version-history":[{"count":6,"href":"https:\/\/indigodogon.com\/fr\/wp-json\/wp\/v2\/pages\/3869\/revisions"}],"predecessor-version":[{"id":6086,"href":"https:\/\/indigodogon.com\/fr\/wp-json\/wp\/v2\/pages\/3869\/revisions\/6086"}],"wp:attachment":[{"href":"https:\/\/indigodogon.com\/fr\/wp-json\/wp\/v2\/media?parent=3869"}],"curies":[{"name":"wp","href":"https:\/\/api.w.org\/{rel}","templated":true}]}}