{"id":3860,"date":"2023-06-28T18:51:36","date_gmt":"2023-06-28T16:51:36","guid":{"rendered":"https:\/\/indigodogon.com\/?page_id=3860"},"modified":"2023-10-07T09:51:38","modified_gmt":"2023-10-07T09:51:38","slug":"ali-fousseyni","status":"publish","type":"page","link":"https:\/\/indigodogon.com\/fr\/ali-fousseyni\/","title":{"rendered":"Ali Fousseyni"},"content":{"rendered":"<div class=\"vc_row wpb_row vc_row-fluid\"><div class=\"wpb_column vc_column_container vc_col-sm-3\"><div class=\"vc_column-inner\"><div class=\"wpb_wrapper\">\n\t<div  class=\"wpb_single_image wpb_content_element vc_align_left\">\n\t\t\n\t\t<figure class=\"wpb_wrapper vc_figure\">\n\t\t\t<div class=\"vc_single_image-wrapper vc_box_border_circle  vc_box_border_grey\"><\/div>\n\t\t<\/figure>\n\t<\/div>\n<div class=\"vc_empty_space\"   style=\"height: 32px\"><span class=\"vc_empty_space_inner\"><\/span><\/div><\/div><\/div><\/div><div class=\"wpb_column vc_column_container vc_col-sm-9\"><div class=\"vc_column-inner\"><div class=\"wpb_wrapper\"><h3 style=\"text-align: left;font-family:Abril Fatface;font-weight:400;font-style:normal\" class=\"vc_custom_heading\" >Ali Fousseyni <\/h3><div class=\"vc_empty_space\"   style=\"height: 32px\"><span class=\"vc_empty_space_inner\"><\/span><\/div>\n\t<div class=\"wpb_text_column wpb_content_element\" >\n\t\t<div class=\"wpb_wrapper\">\n\t\t\t<p>Bas\u00e9 dans sa Bamako natale, ce tailleur et cr\u00e9ateur r\u00e9alise des v\u00eatements pour hommes, femmes et enfants. Il collabore au projet Indigo Dogon depuis plusieurs ann\u00e9es.<\/p>\n\n\t\t<\/div>\n\t<\/div>\n<\/div><\/div><\/div><div class=\"wpb_column vc_column_container vc_col-sm-12\"><div class=\"vc_column-inner\"><div class=\"wpb_wrapper\"><\/div><\/div><\/div><\/div>","protected":false},"excerpt":{"rendered":"Ali Fousseyni Based in his native Bamako, this tailor and designer produces fashions for men, women and children. He has collaborated with the Indigo Dogon project for several years.","protected":false},"author":1,"featured_media":0,"parent":0,"menu_order":0,"comment_status":"closed","ping_status":"closed","template":"","meta":{"footnotes":""},"class_list":["post-3860","page","type-page","status-publish","hentry"],"_links":{"self":[{"href":"https:\/\/indigodogon.com\/fr\/wp-json\/wp\/v2\/pages\/3860","targetHints":{"allow":["GET"]}}],"collection":[{"href":"https:\/\/indigodogon.com\/fr\/wp-json\/wp\/v2\/pages"}],"about":[{"href":"https:\/\/indigodogon.com\/fr\/wp-json\/wp\/v2\/types\/page"}],"author":[{"embeddable":true,"href":"https:\/\/indigodogon.com\/fr\/wp-json\/wp\/v2\/users\/1"}],"replies":[{"embeddable":true,"href":"https:\/\/indigodogon.com\/fr\/wp-json\/wp\/v2\/comments?post=3860"}],"version-history":[{"count":2,"href":"https:\/\/indigodogon.com\/fr\/wp-json\/wp\/v2\/pages\/3860\/revisions"}],"predecessor-version":[{"id":3862,"href":"https:\/\/indigodogon.com\/fr\/wp-json\/wp\/v2\/pages\/3860\/revisions\/3862"}],"wp:attachment":[{"href":"https:\/\/indigodogon.com\/fr\/wp-json\/wp\/v2\/media?parent=3860"}],"curies":[{"name":"wp","href":"https:\/\/api.w.org\/{rel}","templated":true}]}}