{"id":3857,"date":"2023-06-28T18:47:54","date_gmt":"2023-06-28T16:47:54","guid":{"rendered":"https:\/\/indigodogon.com\/?page_id=3857"},"modified":"2023-10-07T09:47:59","modified_gmt":"2023-10-07T09:47:59","slug":"ibrahim-bilgo","status":"publish","type":"page","link":"https:\/\/indigodogon.com\/fr\/ibrahim-bilgo\/","title":{"rendered":"Ibrahim Bilgo"},"content":{"rendered":"<div class=\"vc_row wpb_row vc_row-fluid\"><div class=\"wpb_column vc_column_container vc_col-sm-3\"><div class=\"vc_column-inner\"><div class=\"wpb_wrapper\">\n\t<div  class=\"wpb_single_image wpb_content_element vc_align_left\">\n\t\t\n\t\t<figure class=\"wpb_wrapper vc_figure\">\n\t\t\t<div class=\"vc_single_image-wrapper vc_box_border_circle  vc_box_border_grey\"><img loading=\"lazy\" decoding=\"async\" class=\"vc_single_image-img\" src=\"https:\/\/indigodogon.com\/wp-content\/uploads\/2023\/06\/Ibrahim-Bilgo-274x274.jpg\" width=\"274\" height=\"274\" alt=\"Ibrahim-Bilgo\" title=\"Ibrahim-Bilgo\" \/><\/div>\n\t\t<\/figure>\n\t<\/div>\n<div class=\"vc_empty_space\"   style=\"height: 32px\"><span class=\"vc_empty_space_inner\"><\/span><\/div><\/div><\/div><\/div><div class=\"wpb_column vc_column_container vc_col-sm-9\"><div class=\"vc_column-inner\"><div class=\"wpb_wrapper\"><h3 style=\"text-align: left;font-family:Abril Fatface;font-weight:400;font-style:normal\" class=\"vc_custom_heading\" >Ibrahim Bilgo<\/h3><div class=\"vc_empty_space\"   style=\"height: 32px\"><span class=\"vc_empty_space_inner\"><\/span><\/div>\n\t<div class=\"wpb_text_column wpb_content_element\" >\n\t\t<div class=\"wpb_wrapper\">\n\t\t\t<p>est une designer n\u00e9e au Burkina Faso. Son atelier est situ\u00e9 dans le quartier Faso Kano de Bamako. Avec ses collections originales sous le label AZARA STYLE, il participe \u00e0 de nombreux \u00e9v\u00e9nements et d\u00e9fil\u00e9s de mode.<\/p>\n\n\t\t<\/div>\n\t<\/div>\n<\/div><\/div><\/div><div class=\"wpb_column vc_column_container vc_col-sm-12\"><div class=\"vc_column-inner\"><div class=\"wpb_wrapper\"><\/div><\/div><\/div><\/div>","protected":false},"excerpt":{"rendered":"Ibrahim Bilgo is a designer born in Burkina Faso. His atelier is located in the Faso Kano \u00a0neighborhood of Bamako. With his original collections under the label AZARA STYLE, he participates in numerous events and fashion shows.","protected":false},"author":1,"featured_media":0,"parent":0,"menu_order":0,"comment_status":"closed","ping_status":"closed","template":"","meta":{"footnotes":""},"class_list":["post-3857","page","type-page","status-publish","hentry"],"_links":{"self":[{"href":"https:\/\/indigodogon.com\/fr\/wp-json\/wp\/v2\/pages\/3857","targetHints":{"allow":["GET"]}}],"collection":[{"href":"https:\/\/indigodogon.com\/fr\/wp-json\/wp\/v2\/pages"}],"about":[{"href":"https:\/\/indigodogon.com\/fr\/wp-json\/wp\/v2\/types\/page"}],"author":[{"embeddable":true,"href":"https:\/\/indigodogon.com\/fr\/wp-json\/wp\/v2\/users\/1"}],"replies":[{"embeddable":true,"href":"https:\/\/indigodogon.com\/fr\/wp-json\/wp\/v2\/comments?post=3857"}],"version-history":[{"count":1,"href":"https:\/\/indigodogon.com\/fr\/wp-json\/wp\/v2\/pages\/3857\/revisions"}],"predecessor-version":[{"id":3858,"href":"https:\/\/indigodogon.com\/fr\/wp-json\/wp\/v2\/pages\/3857\/revisions\/3858"}],"wp:attachment":[{"href":"https:\/\/indigodogon.com\/fr\/wp-json\/wp\/v2\/media?parent=3857"}],"curies":[{"name":"wp","href":"https:\/\/api.w.org\/{rel}","templated":true}]}}