{"id":3844,"date":"2023-06-28T18:23:09","date_gmt":"2023-06-28T16:23:09","guid":{"rendered":"https:\/\/indigodogon.com\/?page_id=3844"},"modified":"2023-10-07T10:35:25","modified_gmt":"2023-10-07T10:35:25","slug":"kalifa-ahmed-toure","status":"publish","type":"page","link":"https:\/\/indigodogon.com\/fr\/kalifa-ahmed-toure\/","title":{"rendered":"Kalifa Ahmed Tour\u00e9"},"content":{"rendered":"<div class=\"vc_row wpb_row vc_row-fluid\"><div class=\"wpb_column vc_column_container vc_col-sm-3\"><div class=\"vc_column-inner\"><div class=\"wpb_wrapper\">\n\t<div  class=\"wpb_single_image wpb_content_element vc_align_left\">\n\t\t\n\t\t<figure class=\"wpb_wrapper vc_figure\">\n\t\t\t<div class=\"vc_single_image-wrapper vc_box_border_circle  vc_box_border_grey\"><img loading=\"lazy\" decoding=\"async\" class=\"vc_single_image-img\" src=\"https:\/\/indigodogon.com\/wp-content\/uploads\/2023\/06\/Kalifa-274x274.jpg\" width=\"274\" height=\"274\" alt=\"Kalifa\" title=\"Kalifa\" \/><\/div>\n\t\t<\/figure>\n\t<\/div>\n<div class=\"vc_empty_space\"   style=\"height: 32px\"><span class=\"vc_empty_space_inner\"><\/span><\/div><\/div><\/div><\/div><div class=\"wpb_column vc_column_container vc_col-sm-9\"><div class=\"vc_column-inner\"><div class=\"wpb_wrapper\"><h3 style=\"text-align: left;font-family:Abril Fatface;font-weight:400;font-style:normal\" class=\"vc_custom_heading\" >Kalifa Ahmed Tour\u00e9<\/h3><div class=\"vc_empty_space\"   style=\"height: 32px\"><span class=\"vc_empty_space_inner\"><\/span><\/div>\n\t<div class=\"wpb_text_column wpb_content_element\" >\n\t\t<div class=\"wpb_wrapper\">\n\t\t\t<p>Liaison avec l'ambassade am\u00e9ricaine \u00e0 Bamako et coordination du comit\u00e9 de strat\u00e9gie marketing pour la phase I du projet Indigo Dogon. Professeur d'\u00e9conomie \u00e0 la Facult\u00e9 de Commerce et de Gestion de l'Universit\u00e9 de Bamako. \u00a0Membre fondateur des Amis Virginie du Mali.<\/p>\n\n\t\t<\/div>\n\t<\/div>\n<\/div><\/div><\/div><div class=\"wpb_column vc_column_container vc_col-sm-12\"><div class=\"vc_column-inner\"><div class=\"wpb_wrapper\"><\/div><\/div><\/div><\/div>","protected":false},"excerpt":{"rendered":"Kalifa Ahmed Tour\u00e9 Liaison with the US Embassy in Bamako and coordination of the Marketing Strategy committee for Phase I of the Indigo Dogon project. Professor of Economics at the University of Bamako Faculty of Business and Management. \u00a0Founding member of Virginia Friends of Mali.","protected":false},"author":1,"featured_media":0,"parent":0,"menu_order":0,"comment_status":"closed","ping_status":"closed","template":"","meta":{"footnotes":""},"class_list":["post-3844","page","type-page","status-publish","hentry"],"_links":{"self":[{"href":"https:\/\/indigodogon.com\/fr\/wp-json\/wp\/v2\/pages\/3844","targetHints":{"allow":["GET"]}}],"collection":[{"href":"https:\/\/indigodogon.com\/fr\/wp-json\/wp\/v2\/pages"}],"about":[{"href":"https:\/\/indigodogon.com\/fr\/wp-json\/wp\/v2\/types\/page"}],"author":[{"embeddable":true,"href":"https:\/\/indigodogon.com\/fr\/wp-json\/wp\/v2\/users\/1"}],"replies":[{"embeddable":true,"href":"https:\/\/indigodogon.com\/fr\/wp-json\/wp\/v2\/comments?post=3844"}],"version-history":[{"count":4,"href":"https:\/\/indigodogon.com\/fr\/wp-json\/wp\/v2\/pages\/3844\/revisions"}],"predecessor-version":[{"id":3853,"href":"https:\/\/indigodogon.com\/fr\/wp-json\/wp\/v2\/pages\/3844\/revisions\/3853"}],"wp:attachment":[{"href":"https:\/\/indigodogon.com\/fr\/wp-json\/wp\/v2\/media?parent=3844"}],"curies":[{"name":"wp","href":"https:\/\/api.w.org\/{rel}","templated":true}]}}