{"id":3835,"date":"2023-06-28T18:16:24","date_gmt":"2023-06-28T16:16:24","guid":{"rendered":"https:\/\/indigodogon.com\/?page_id=3835"},"modified":"2023-10-07T10:35:34","modified_gmt":"2023-10-07T10:35:34","slug":"dr-patricia-cummins","status":"publish","type":"page","link":"https:\/\/indigodogon.com\/fr\/dr-patricia-cummins\/","title":{"rendered":"Dr Patricia Cummins"},"content":{"rendered":"<div class=\"vc_row wpb_row vc_row-fluid\"><div class=\"wpb_column vc_column_container vc_col-sm-3\"><div class=\"vc_column-inner\"><div class=\"wpb_wrapper\">\n\t<div  class=\"wpb_single_image wpb_content_element vc_align_left\">\n\t\t\n\t\t<figure class=\"wpb_wrapper vc_figure\">\n\t\t\t<div class=\"vc_single_image-wrapper vc_box_border_circle  vc_box_border_grey\"><img loading=\"lazy\" decoding=\"async\" class=\"vc_single_image-img\" src=\"https:\/\/indigodogon.com\/wp-content\/uploads\/2023\/06\/patricia-274x274.jpg\" width=\"274\" height=\"274\" alt=\"patricia\" title=\"patricia\" \/><\/div>\n\t\t<\/figure>\n\t<\/div>\n<div class=\"vc_empty_space\"   style=\"height: 32px\"><span class=\"vc_empty_space_inner\"><\/span><\/div><\/div><\/div><\/div><div class=\"wpb_column vc_column_container vc_col-sm-9\"><div class=\"vc_column-inner\"><div class=\"wpb_wrapper\"><h3 style=\"text-align: left;font-family:Abril Fatface;font-weight:400;font-style:normal\" class=\"vc_custom_heading\" >Dr Patricia Cummins<\/h3><div class=\"vc_empty_space\"   style=\"height: 32px\"><span class=\"vc_empty_space_inner\"><\/span><\/div>\n\t<div class=\"wpb_text_column wpb_content_element\" >\n\t\t<div class=\"wpb_wrapper\">\n\t\t\t<p>Mentor principal de la strat\u00e9gie marketing pour le projet Indigo Dogon.\u00a0 Elle est professeur de langue fran\u00e7aise \u00e0 la Virginia Commonwealth University ; pr\u00e9sident de l'Africa Business and Entrepreneurship Research Society; ancien pr\u00e9sident de la Commission des villes jumel\u00e9es pour les villes jumelles de Richmond VA et S\u00e9gou qui a dirig\u00e9 le projet Gates\/VCU HIV \u00e0 S\u00e9gou, Mali.<\/p>\n\n\t\t<\/div>\n\t<\/div>\n<\/div><\/div><\/div><div class=\"wpb_column vc_column_container vc_col-sm-12\"><div class=\"vc_column-inner\"><div class=\"wpb_wrapper\"><\/div><\/div><\/div><\/div>","protected":false},"excerpt":{"rendered":"Dr Patricia Cummins Primary mentor of Marketing Strategy for the Indigo Dogon project.\u00a0 She is professor of French language at Virginia Commonwealth University; president of the Africa Business and Entrepreneurship Research Society; ex-president of the Sister Cities\u00a0Commission for the twin cities of Richmond VA and Segou who directed the Gates\/VCU HIV project in S\u00e9gou, Mali.","protected":false},"author":1,"featured_media":0,"parent":0,"menu_order":0,"comment_status":"closed","ping_status":"closed","template":"","meta":{"footnotes":""},"class_list":["post-3835","page","type-page","status-publish","hentry"],"_links":{"self":[{"href":"https:\/\/indigodogon.com\/fr\/wp-json\/wp\/v2\/pages\/3835","targetHints":{"allow":["GET"]}}],"collection":[{"href":"https:\/\/indigodogon.com\/fr\/wp-json\/wp\/v2\/pages"}],"about":[{"href":"https:\/\/indigodogon.com\/fr\/wp-json\/wp\/v2\/types\/page"}],"author":[{"embeddable":true,"href":"https:\/\/indigodogon.com\/fr\/wp-json\/wp\/v2\/users\/1"}],"replies":[{"embeddable":true,"href":"https:\/\/indigodogon.com\/fr\/wp-json\/wp\/v2\/comments?post=3835"}],"version-history":[{"count":4,"href":"https:\/\/indigodogon.com\/fr\/wp-json\/wp\/v2\/pages\/3835\/revisions"}],"predecessor-version":[{"id":3979,"href":"https:\/\/indigodogon.com\/fr\/wp-json\/wp\/v2\/pages\/3835\/revisions\/3979"}],"wp:attachment":[{"href":"https:\/\/indigodogon.com\/fr\/wp-json\/wp\/v2\/media?parent=3835"}],"curies":[{"name":"wp","href":"https:\/\/api.w.org\/{rel}","templated":true}]}}