{"id":3828,"date":"2023-06-28T18:00:46","date_gmt":"2023-06-28T16:00:46","guid":{"rendered":"https:\/\/indigodogon.com\/?page_id=3828"},"modified":"2023-10-07T10:35:43","modified_gmt":"2023-10-07T10:35:43","slug":"hamed-domo-ouologuem","status":"publish","type":"page","link":"https:\/\/indigodogon.com\/fr\/hamed-domo-ouologuem\/","title":{"rendered":"Hamed Domo Ouologuem"},"content":{"rendered":"<div class=\"vc_row wpb_row vc_row-fluid\"><div class=\"wpb_column vc_column_container vc_col-sm-3\"><div class=\"vc_column-inner\"><div class=\"wpb_wrapper\">\n\t<div  class=\"wpb_single_image wpb_content_element vc_align_left\">\n\t\t\n\t\t<figure class=\"wpb_wrapper vc_figure\">\n\t\t\t<div class=\"vc_single_image-wrapper vc_box_border_circle  vc_box_border_grey\"><img loading=\"lazy\" decoding=\"async\" class=\"vc_single_image-img\" src=\"https:\/\/indigodogon.com\/wp-content\/uploads\/2023\/04\/Hamed-274x274.jpg\" width=\"274\" height=\"274\" alt=\"Hamed\" title=\"Hamed\" \/><\/div>\n\t\t<\/figure>\n\t<\/div>\n<div class=\"vc_empty_space\"   style=\"height: 32px\"><span class=\"vc_empty_space_inner\"><\/span><\/div><\/div><\/div><\/div><div class=\"wpb_column vc_column_container vc_col-sm-9\"><div class=\"vc_column-inner\"><div class=\"wpb_wrapper\"><h3 style=\"text-align: left;font-family:Abril Fatface;font-weight:400;font-style:normal\" class=\"vc_custom_heading\" >Hamed Ouologuem<\/h3><div class=\"vc_empty_space\"   style=\"height: 32px\"><span class=\"vc_empty_space_inner\"><\/span><\/div>\n\t<div class=\"wpb_text_column wpb_content_element\" >\n\t\t<div class=\"wpb_wrapper\">\n\t\t\t<p>Webmaster du projet Indigo Dogon. Membre du comit\u00e9 de strat\u00e9gie marketing, il s'occupe \u00e9galement des r\u00e9seaux sociaux. Il est titulaire d'une ma\u00eetrise en droit et travaille comme responsable num\u00e9rique pour le cabinet Techno au Mali.<\/p>\n\n\t\t<\/div>\n\t<\/div>\n<\/div><\/div><\/div><div class=\"wpb_column vc_column_container vc_col-sm-12\"><div class=\"vc_column-inner\"><div class=\"wpb_wrapper\"><\/div><\/div><\/div><\/div>","protected":false},"excerpt":{"rendered":"Hamed Ouologuem Webmaster for the Indigo Dogon project. Member of the Marketing Strategy committee, he also handles social media networking. He holds a Masters in Law and works as digital executive for the Techno firm in Mali.","protected":false},"author":1,"featured_media":0,"parent":0,"menu_order":0,"comment_status":"closed","ping_status":"closed","template":"","meta":{"footnotes":""},"class_list":["post-3828","page","type-page","status-publish","hentry"],"_links":{"self":[{"href":"https:\/\/indigodogon.com\/fr\/wp-json\/wp\/v2\/pages\/3828","targetHints":{"allow":["GET"]}}],"collection":[{"href":"https:\/\/indigodogon.com\/fr\/wp-json\/wp\/v2\/pages"}],"about":[{"href":"https:\/\/indigodogon.com\/fr\/wp-json\/wp\/v2\/types\/page"}],"author":[{"embeddable":true,"href":"https:\/\/indigodogon.com\/fr\/wp-json\/wp\/v2\/users\/1"}],"replies":[{"embeddable":true,"href":"https:\/\/indigodogon.com\/fr\/wp-json\/wp\/v2\/comments?post=3828"}],"version-history":[{"count":5,"href":"https:\/\/indigodogon.com\/fr\/wp-json\/wp\/v2\/pages\/3828\/revisions"}],"predecessor-version":[{"id":3916,"href":"https:\/\/indigodogon.com\/fr\/wp-json\/wp\/v2\/pages\/3828\/revisions\/3916"}],"wp:attachment":[{"href":"https:\/\/indigodogon.com\/fr\/wp-json\/wp\/v2\/media?parent=3828"}],"curies":[{"name":"wp","href":"https:\/\/api.w.org\/{rel}","templated":true}]}}