{"id":3820,"date":"2023-06-28T00:59:42","date_gmt":"2023-06-27T22:59:42","guid":{"rendered":"https:\/\/indigodogon.com\/?page_id=3820"},"modified":"2023-10-07T10:33:35","modified_gmt":"2023-10-07T10:33:35","slug":"amadou-nango","status":"publish","type":"page","link":"https:\/\/indigodogon.com\/fr\/amadou-nango\/","title":{"rendered":"Amadou Nango"},"content":{"rendered":"<div class=\"vc_row wpb_row vc_row-fluid\"><div class=\"wpb_column vc_column_container vc_col-sm-3\"><div class=\"vc_column-inner\"><div class=\"wpb_wrapper\">\n\t<div  class=\"wpb_single_image wpb_content_element vc_align_left\">\n\t\t\n\t\t<figure class=\"wpb_wrapper vc_figure\">\n\t\t\t<div class=\"vc_single_image-wrapper vc_box_border_circle  vc_box_border_grey\"><img loading=\"lazy\" decoding=\"async\" class=\"vc_single_image-img\" src=\"https:\/\/indigodogon.com\/wp-content\/uploads\/2023\/04\/Amadou-274x274.jpg\" width=\"274\" height=\"274\" alt=\"Amadou\" title=\"Amadou\" \/><\/div>\n\t\t<\/figure>\n\t<\/div>\n<div class=\"vc_empty_space\"   style=\"height: 32px\"><span class=\"vc_empty_space_inner\"><\/span><\/div><\/div><\/div><\/div><div class=\"wpb_column vc_column_container vc_col-sm-9\"><div class=\"vc_column-inner\"><div class=\"wpb_wrapper\"><h3 style=\"text-align: left;font-family:Abril Fatface;font-weight:400;font-style:normal\" class=\"vc_custom_heading\" >Amadou Nango <\/h3><div class=\"vc_empty_space\"   style=\"height: 32px\"><span class=\"vc_empty_space_inner\"><\/span><\/div>\n\t<div class=\"wpb_text_column wpb_content_element\" >\n\t\t<div class=\"wpb_wrapper\">\n\t\t\t<p>Coordinateur financier de la coop\u00e9rative CAPID et du projet Dogon Dogon. Il est titulaire d'un Master en Audit et Contr\u00f4le de Gestion de l'Institut Sup\u00e9rieur de Technologie Appliqu\u00e9e de Bamako o\u00f9 il est \u00e9galement enseignant en Gestion.\u00a0 Membre du comit\u00e9 de strat\u00e9gie marketing, il s'occupe \u00e9galement de la distribution et des ventes de textiles pour le Centre Indigo.<\/p>\n\n\t\t<\/div>\n\t<\/div>\n<\/div><\/div><\/div><div class=\"wpb_column vc_column_container vc_col-sm-12\"><div class=\"vc_column-inner\"><div class=\"wpb_wrapper\"><\/div><\/div><\/div><\/div>","protected":false},"excerpt":{"rendered":"Amadou Nango Financial coordinator of the CAPID cooperative and Dogon Dogon projec. He hold a Masters degree in Auditing and Management Control from the Institut Sup\u00e9rieur de Technologie Appliqu\u00e9e in Bamako where he is also a Management instruction.\u00a0 A member of the Marketing Strategy committee, he also handles textile distribution and sales for the Centre<p class=\"link-more\"><a href=\"https:\/\/indigodogon.com\/fr\/amadou-nango\/\" class=\"more-link\"><span>Read More<\/span><span class=\"meta-nav\">&#8594;<\/span><\/a><\/p>","protected":false},"author":1,"featured_media":0,"parent":0,"menu_order":0,"comment_status":"closed","ping_status":"closed","template":"","meta":{"footnotes":""},"class_list":["post-3820","page","type-page","status-publish","hentry"],"_links":{"self":[{"href":"https:\/\/indigodogon.com\/fr\/wp-json\/wp\/v2\/pages\/3820","targetHints":{"allow":["GET"]}}],"collection":[{"href":"https:\/\/indigodogon.com\/fr\/wp-json\/wp\/v2\/pages"}],"about":[{"href":"https:\/\/indigodogon.com\/fr\/wp-json\/wp\/v2\/types\/page"}],"author":[{"embeddable":true,"href":"https:\/\/indigodogon.com\/fr\/wp-json\/wp\/v2\/users\/1"}],"replies":[{"embeddable":true,"href":"https:\/\/indigodogon.com\/fr\/wp-json\/wp\/v2\/comments?post=3820"}],"version-history":[{"count":1,"href":"https:\/\/indigodogon.com\/fr\/wp-json\/wp\/v2\/pages\/3820\/revisions"}],"predecessor-version":[{"id":3821,"href":"https:\/\/indigodogon.com\/fr\/wp-json\/wp\/v2\/pages\/3820\/revisions\/3821"}],"wp:attachment":[{"href":"https:\/\/indigodogon.com\/fr\/wp-json\/wp\/v2\/media?parent=3820"}],"curies":[{"name":"wp","href":"https:\/\/api.w.org\/{rel}","templated":true}]}}