{"id":3813,"date":"2023-06-28T00:53:03","date_gmt":"2023-06-27T22:53:03","guid":{"rendered":"https:\/\/indigodogon.com\/?page_id=3813"},"modified":"2023-10-07T09:51:21","modified_gmt":"2023-10-07T09:51:21","slug":"massitan-coulibaly","status":"publish","type":"page","link":"https:\/\/indigodogon.com\/fr\/massitan-coulibaly\/","title":{"rendered":"Massitan Coulibaly"},"content":{"rendered":"<div class=\"vc_row wpb_row vc_row-fluid\"><div class=\"wpb_column vc_column_container vc_col-sm-3\"><div class=\"vc_column-inner\"><div class=\"wpb_wrapper\">\n\t<div  class=\"wpb_single_image wpb_content_element vc_align_left\">\n\t\t\n\t\t<figure class=\"wpb_wrapper vc_figure\">\n\t\t\t<div class=\"vc_single_image-wrapper vc_box_border_circle  vc_box_border_grey\"><img loading=\"lazy\" decoding=\"async\" class=\"vc_single_image-img\" src=\"https:\/\/indigodogon.com\/wp-content\/uploads\/2023\/04\/Massitan-274x274.jpg\" width=\"274\" height=\"274\" alt=\"Massitan\" title=\"Massitan\" \/><\/div>\n\t\t<\/figure>\n\t<\/div>\n<div class=\"vc_empty_space\"   style=\"height: 32px\"><span class=\"vc_empty_space_inner\"><\/span><\/div><\/div><\/div><\/div><div class=\"wpb_column vc_column_container vc_col-sm-9\"><div class=\"vc_column-inner\"><div class=\"wpb_wrapper\"><h3 style=\"text-align: left;font-family:Abril Fatface;font-weight:400;font-style:normal\" class=\"vc_custom_heading\" >Massitan Coulibaly<\/h3><div class=\"vc_empty_space\"   style=\"height: 32px\"><span class=\"vc_empty_space_inner\"><\/span><\/div>\n\t<div class=\"wpb_text_column wpb_content_element\" >\n\t\t<div class=\"wpb_wrapper\">\n\t\t\t<p>En charge de la communication du projet Indigo Dogon. \u00a0Ce journaliste professionnel originaire de S\u00e9gou est membre du comit\u00e9 de strat\u00e9gie marketing. Elle a r\u00e9cemment cr\u00e9\u00e9 la web tv African Woman\u2019s Voice sur Facebook.<\/p>\n\n\t\t<\/div>\n\t<\/div>\n<\/div><\/div><\/div><div class=\"wpb_column vc_column_container vc_col-sm-12\"><div class=\"vc_column-inner\"><div class=\"wpb_wrapper\"><\/div><\/div><\/div><\/div>","protected":false},"excerpt":{"rendered":"Massitan Coulibaly In charge of communications for the Indigo Dogon project. \u00a0This professional journalist from S\u00e9gou is a member of the Marketing Strategy committee. She has recently created the African Woman\u2019s Voice web tv on Facebook.","protected":false},"author":1,"featured_media":0,"parent":0,"menu_order":0,"comment_status":"closed","ping_status":"closed","template":"","meta":{"footnotes":""},"class_list":["post-3813","page","type-page","status-publish","hentry"],"_links":{"self":[{"href":"https:\/\/indigodogon.com\/fr\/wp-json\/wp\/v2\/pages\/3813","targetHints":{"allow":["GET"]}}],"collection":[{"href":"https:\/\/indigodogon.com\/fr\/wp-json\/wp\/v2\/pages"}],"about":[{"href":"https:\/\/indigodogon.com\/fr\/wp-json\/wp\/v2\/types\/page"}],"author":[{"embeddable":true,"href":"https:\/\/indigodogon.com\/fr\/wp-json\/wp\/v2\/users\/1"}],"replies":[{"embeddable":true,"href":"https:\/\/indigodogon.com\/fr\/wp-json\/wp\/v2\/comments?post=3813"}],"version-history":[{"count":3,"href":"https:\/\/indigodogon.com\/fr\/wp-json\/wp\/v2\/pages\/3813\/revisions"}],"predecessor-version":[{"id":3819,"href":"https:\/\/indigodogon.com\/fr\/wp-json\/wp\/v2\/pages\/3813\/revisions\/3819"}],"wp:attachment":[{"href":"https:\/\/indigodogon.com\/fr\/wp-json\/wp\/v2\/media?parent=3813"}],"curies":[{"name":"wp","href":"https:\/\/api.w.org\/{rel}","templated":true}]}}