{"id":3790,"date":"2023-06-27T22:53:20","date_gmt":"2023-06-27T20:53:20","guid":{"rendered":"https:\/\/indigodogon.com\/?page_id=3790"},"modified":"2023-10-07T09:50:58","modified_gmt":"2023-10-07T09:50:58","slug":"erica","status":"publish","type":"page","link":"https:\/\/indigodogon.com\/fr\/erica\/","title":{"rendered":"Erica Promenance"},"content":{"rendered":"<div class=\"vc_row wpb_row vc_row-fluid\"><div class=\"wpb_column vc_column_container vc_col-sm-3\"><div class=\"vc_column-inner\"><div class=\"wpb_wrapper\">\n\t<div  class=\"wpb_single_image wpb_content_element vc_align_left\">\n\t\t\n\t\t<figure class=\"wpb_wrapper vc_figure\">\n\t\t\t<div class=\"vc_single_image-wrapper vc_box_border_circle  vc_box_border_grey\"><img loading=\"lazy\" decoding=\"async\" class=\"vc_single_image-img\" src=\"https:\/\/indigodogon.com\/wp-content\/uploads\/2023\/04\/Erica-274x274.jpg\" width=\"274\" height=\"274\" alt=\"Erica\" title=\"Erica\" \/><\/div>\n\t\t<\/figure>\n\t<\/div>\n<div class=\"vc_empty_space\"   style=\"height: 32px\"><span class=\"vc_empty_space_inner\"><\/span><\/div><\/div><\/div><\/div><div class=\"wpb_column vc_column_container vc_col-sm-9\"><div class=\"vc_column-inner\"><div class=\"wpb_wrapper\"><h3 style=\"text-align: left;font-family:Abril Fatface;font-weight:400;font-style:normal\" class=\"vc_custom_heading\" >Erica Promenance<\/h3><div class=\"vc_empty_space\"   style=\"height: 32px\"><span class=\"vc_empty_space_inner\"><\/span><\/div>\n\t<div class=\"wpb_text_column wpb_content_element\" >\n\t\t<div class=\"wpb_wrapper\">\n\t\t\t<p>Coordinatrice de mentorat et productrice vid\u00e9o pour le projet Indigo Dogon. Elle coordonne \u00e9galement le comit\u00e9 de strat\u00e9gie marketing, s'occupe des relations externes et des communications en anglais pour le projet. Cin\u00e9aste qu\u00e9b\u00e9coise, Canada, elle r\u00e9side d\u00e9sormais \u00e0 temps partiel au Mali, o\u00f9 elle a r\u00e9alis\u00e9 de nombreux films documentaires, notamment dans la r\u00e9gion Dogon. Erica est l'associ\u00e9e et compagne de vie de Mamoudou Nango, avec qui elle a fond\u00e9 le Centre Indigo Dogon.<\/p>\n\n\t\t<\/div>\n\t<\/div>\n<\/div><\/div><\/div><div class=\"wpb_column vc_column_container vc_col-sm-12\"><div class=\"vc_column-inner\"><div class=\"wpb_wrapper\"><\/div><\/div><\/div><\/div>","protected":false},"excerpt":{"rendered":"Erica Promenance Mentorship coordinator and video producer for the Indigo Dogon project. She also coordinates the Marketing Stratgegy committee, handles external relations and English language communications for the project. A filmmaker from Qu\u00e9bec, Canada, she is now a part- time resident of Mali,where she has made many documentary films, specifically in the Dogon region. Erica<p class=\"link-more\"><a href=\"https:\/\/indigodogon.com\/fr\/erica\/\" class=\"more-link\"><span>Read More<\/span><span class=\"meta-nav\">&#8594;<\/span><\/a><\/p>","protected":false},"author":1,"featured_media":0,"parent":0,"menu_order":0,"comment_status":"closed","ping_status":"closed","template":"","meta":{"footnotes":""},"class_list":["post-3790","page","type-page","status-publish","hentry"],"_links":{"self":[{"href":"https:\/\/indigodogon.com\/fr\/wp-json\/wp\/v2\/pages\/3790","targetHints":{"allow":["GET"]}}],"collection":[{"href":"https:\/\/indigodogon.com\/fr\/wp-json\/wp\/v2\/pages"}],"about":[{"href":"https:\/\/indigodogon.com\/fr\/wp-json\/wp\/v2\/types\/page"}],"author":[{"embeddable":true,"href":"https:\/\/indigodogon.com\/fr\/wp-json\/wp\/v2\/users\/1"}],"replies":[{"embeddable":true,"href":"https:\/\/indigodogon.com\/fr\/wp-json\/wp\/v2\/comments?post=3790"}],"version-history":[{"count":17,"href":"https:\/\/indigodogon.com\/fr\/wp-json\/wp\/v2\/pages\/3790\/revisions"}],"predecessor-version":[{"id":8109,"href":"https:\/\/indigodogon.com\/fr\/wp-json\/wp\/v2\/pages\/3790\/revisions\/8109"}],"wp:attachment":[{"href":"https:\/\/indigodogon.com\/fr\/wp-json\/wp\/v2\/media?parent=3790"}],"curies":[{"name":"wp","href":"https:\/\/api.w.org\/{rel}","templated":true}]}}