{"id":3134,"date":"2022-01-04T15:35:59","date_gmt":"2022-01-04T08:35:59","guid":{"rendered":"http:\/\/demo.snstheme.com\/wp\/manh\/?page_id=3134"},"modified":"2024-03-31T13:07:54","modified_gmt":"2024-03-31T13:07:54","slug":"home-4","status":"publish","type":"page","link":"https:\/\/indigodogon.com\/fr\/","title":{"rendered":"Home 4"},"content":{"rendered":"<div class=\"vc_row wpb_row vc_row-fluid vc_custom_1641286370503\"><div class=\"wpb_column vc_column_container vc_col-sm-12\"><div class=\"vc_column-inner\"><div class=\"wpb_wrapper\"><h2 style=\"font-size: 35px;line-height: 1.1;text-align: center\" class=\"vc_custom_heading uppercase extrabold-font vc_custom_1687478005727\" >LA BOUTIQUE INDIGO DOGON<\/h2><div class=\"vc_empty_space\"   style=\"height: 12px\"><span class=\"vc_empty_space_inner\"><\/span><\/div><\/div><\/div><\/div><\/div><div class=\"vc_row wpb_row vc_row-fluid\"><div class=\"wpb_column vc_column_container vc_col-sm-3\"><div class=\"vc_column-inner\"><div class=\"wpb_wrapper\"><h3 style=\"color: #000000;text-align: center;font-family:Asap;font-weight:400;font-style:normal\" class=\"vc_custom_heading\" ><a href=\"https:\/\/indigodogon.com\/fr\/categorie-produit\/dresses\/\">Robes et jupes pour femmes<\/a><\/h3>\n\t<div  class=\"wpb_single_image wpb_content_element vc_align_left  vc_custom_1696581239833\">\n\t\t\n\t\t<figure class=\"wpb_wrapper vc_figure\">\n\t\t\t<a href=\"https:\/\/indigodogon.com\/fr\/categorie-produit\/dresses\/\" target=\"_self\" class=\"vc_single_image-wrapper   vc_box_border_grey\"><img loading=\"lazy\" decoding=\"async\" class=\"vc_single_image-img\" src=\"https:\/\/indigodogon.com\/wp-content\/uploads\/2023\/04\/IMG_9118-scaled-400x550.jpg\" width=\"400\" height=\"550\" alt=\"IMG_9118\" title=\"IMG_9118\" \/><\/a>\n\t\t<\/figure>\n\t<\/div>\n<\/div><\/div><\/div><div class=\"wpb_column vc_column_container vc_col-sm-3\"><div class=\"vc_column-inner\"><div class=\"wpb_wrapper\"><h3 style=\"color: #000000;text-align: center;font-family:Asap;font-weight:400;font-style:normal\" class=\"vc_custom_heading\" ><a href=\"https:\/\/indigodogon.com\/fr\/categorie-produit\/pants\/\">Pantalons, vestes, ensembles pour femme<\/a><\/h3>\n\t<div  class=\"wpb_single_image wpb_content_element vc_align_left\">\n\t\t\n\t\t<figure class=\"wpb_wrapper vc_figure\">\n\t\t\t<a href=\"https:\/\/indigodogon.com\/fr\/categorie-produit\/pants\/\" target=\"_self\" class=\"vc_single_image-wrapper   vc_box_border_grey\"><img loading=\"lazy\" decoding=\"async\" class=\"vc_single_image-img\" src=\"https:\/\/indigodogon.com\/wp-content\/uploads\/2023\/10\/IMG_9265-scaled-400x550.jpg\" width=\"400\" height=\"550\" alt=\"IMG_9265\" title=\"IMG_9265\" \/><\/a>\n\t\t<\/figure>\n\t<\/div>\n<\/div><\/div><\/div><div class=\"wpb_column vc_column_container vc_col-sm-3\"><div class=\"vc_column-inner\"><div class=\"wpb_wrapper\"><h3 style=\"color: #0a0000;text-align: center;font-family:Asap;font-weight:400;font-style:normal\" class=\"vc_custom_heading\" ><a href=\"https:\/\/indigodogon.com\/fr\/categorie-produit\/men\/\">Chemises et tuniques pour hommes<\/a><\/h3>\n\t<div  class=\"wpb_single_image wpb_content_element vc_align_left  vc_custom_1696262344312\">\n\t\t\n\t\t<figure class=\"wpb_wrapper vc_figure\">\n\t\t\t<a href=\"https:\/\/indigodogon.com\/fr\/categorie-produit\/men\/\" target=\"_self\" class=\"vc_single_image-wrapper   vc_box_border_grey\"><img loading=\"lazy\" decoding=\"async\" class=\"vc_single_image-img\" src=\"https:\/\/indigodogon.com\/wp-content\/uploads\/2023\/04\/IMG_8971-scaled-400x550.jpg\" width=\"400\" height=\"550\" alt=\"IMG_8971\" title=\"IMG_8971\" \/><\/a>\n\t\t<\/figure>\n\t<\/div>\n<\/div><\/div><\/div><div class=\"wpb_column vc_column_container vc_col-sm-3\"><div class=\"vc_column-inner\"><div class=\"wpb_wrapper\"><h3 style=\"color: #0a0000;text-align: center;font-family:Asap;font-weight:400;font-style:normal\" class=\"vc_custom_heading\" ><a href=\"https:\/\/indigodogon.com\/fr\/categorie-produit\/children\/\">Enfants et adolescents<\/a><\/h3>\n\t<div  class=\"wpb_single_image wpb_content_element vc_align_left  vc_custom_1696262360398\">\n\t\t\n\t\t<figure class=\"wpb_wrapper vc_figure\">\n\t\t\t<a href=\"https:\/\/indigodogon.com\/fr\/categorie-produit\/children\/\" target=\"_self\" class=\"vc_single_image-wrapper   vc_box_border_grey\"><img loading=\"lazy\" decoding=\"async\" class=\"vc_single_image-img\" src=\"https:\/\/indigodogon.com\/wp-content\/uploads\/2023\/10\/IMG_9086-scaled-400x550.jpg\" width=\"400\" height=\"550\" alt=\"IMG_9086\" title=\"IMG_9086\" \/><\/a>\n\t\t<\/figure>\n\t<\/div>\n<\/div><\/div><\/div><div class=\"wpb_column vc_column_container vc_col-sm-12\"><div class=\"vc_column-inner\"><div class=\"wpb_wrapper\"><div class=\"vc_empty_space\"   style=\"height: 32px\"><span class=\"vc_empty_space_inner\"><\/span><\/div><\/div><\/div><\/div><\/div><div class=\"vc_row wpb_row vc_row-fluid vc_custom_1696264658763\"><div class=\"wpb_column vc_column_container vc_col-sm-3\"><div class=\"vc_column-inner\"><div class=\"wpb_wrapper\"><\/div><\/div><\/div><div class=\"wpb_column vc_column_container vc_col-sm-3\"><div class=\"vc_column-inner\"><div class=\"wpb_wrapper\"><h3 style=\"color: #000000;text-align: center;font-family:Asap;font-weight:400;font-style:normal\" class=\"vc_custom_heading\" ><a href=\"https:\/\/indigodogon.com\/fr\/categorie-produit\/scarves-shawls\/\">\u00c9charpes et ch\u00e2les<\/a><\/h3>\n\t<div  class=\"wpb_single_image wpb_content_element vc_align_left  vc_custom_1696919468664  center\">\n\t\t\n\t\t<figure class=\"wpb_wrapper vc_figure\">\n\t\t\t<a href=\"https:\/\/indigodogon.com\/fr\/categorie-produit\/scarves-shawls\/\" target=\"_self\" class=\"vc_single_image-wrapper   vc_box_border_grey\"><img loading=\"lazy\" decoding=\"async\" class=\"vc_single_image-img\" src=\"https:\/\/indigodogon.com\/wp-content\/uploads\/2023\/10\/IMG_0425-400x600.jpg\" width=\"400\" height=\"600\" alt=\"IMG_0425\" title=\"IMG_0425\" \/><\/a>\n\t\t<\/figure>\n\t<\/div>\n<\/div><\/div><\/div><div class=\"wpb_column vc_column_container vc_col-sm-3\"><div class=\"vc_column-inner\"><div class=\"wpb_wrapper\"><h3 style=\"color: #000000;text-align: center;font-family:Asap;font-weight:400;font-style:normal\" class=\"vc_custom_heading\" ><a href=\"https:\/\/indigodogon.com\/fr\/categorie-produit\/decor\/\">Textiles<\/a><\/h3>\n\t<div  class=\"wpb_single_image wpb_content_element vc_align_left  vc_custom_1711890466996\">\n\t\t\n\t\t<figure class=\"wpb_wrapper vc_figure\">\n\t\t\t<a href=\"https:\/\/indigodogon.com\/fr\/categorie-produit\/Textiles\/\" target=\"_self\" class=\"vc_single_image-wrapper   vc_box_border_grey\"><img loading=\"lazy\" decoding=\"async\" class=\"vc_single_image-img\" src=\"https:\/\/indigodogon.com\/wp-content\/uploads\/2024\/03\/IMG_7337-scaled-400x550.jpeg\" width=\"400\" height=\"550\" alt=\"IMG_7337\" title=\"IMG_7337\" \/><\/a>\n\t\t<\/figure>\n\t<\/div>\n<\/div><\/div><\/div><div class=\"wpb_column vc_column_container vc_col-sm-12\"><div class=\"vc_column-inner\"><div class=\"wpb_wrapper\"><\/div><\/div><\/div><\/div><div class=\"vc_row wpb_row vc_row-fluid vc_custom_1696264595691\"><div class=\"wpb_column vc_column_container vc_col-sm-2\"><div class=\"vc_column-inner\"><div class=\"wpb_wrapper\"><\/div><\/div><\/div><div class=\"wpb_column vc_column_container vc_col-sm-8\"><div class=\"vc_column-inner\"><div class=\"wpb_wrapper\"><h2 style=\"font-size: 35px;line-height: 1.1;text-align: center\" class=\"vc_custom_heading uppercase extrabold-font vc_custom_1696264325684 translation-block\" >UN ARTISANAT TRADITIONNEL TRANSMIS<br>\nDE M\u00c8RE \u00c0 FILLE ET FILS<\/h2><\/div><\/div><\/div><div class=\"wpb_column vc_column_container vc_col-sm-2\"><div class=\"vc_column-inner\"><div class=\"wpb_wrapper\"><\/div><\/div><\/div><\/div><div class=\"vc_row wpb_row vc_row-fluid vc_custom_1696264815259 vc_row-o-equal-height vc_row-flex\"><div class=\"wpb_column vc_column_container vc_col-sm-6\"><div class=\"vc_column-inner\"><div class=\"wpb_wrapper\">\n\t<div class=\"wpb_text_column wpb_content_element  vc_custom_1696788063098 justify\" >\n\t\t<div class=\"wpb_wrapper\">\n\t\t\t<p>THE CAPID est une coop\u00e9rative de teinturiers indigo exp\u00e9riment\u00e9s et de jeunes artisans travaillant \u00e0 pr\u00e9server les designs et techniques textiles traditionnels tout en innovant et en repoussant les limites de l'artisanat. La majorit\u00e9 de nos membres sont des femmes qui ont appris le m\u00e9tier de la teinture \u00e0 l'indigo aupr\u00e8s de leur m\u00e8re et qui le transmettent d\u00e9sormais aux jeunes g\u00e9n\u00e9rations.<\/p>\n<p>Nos tissus traditionnels sont fabriqu\u00e9s \u00e0 la main dans le pays Dogon par les membres de notre coop\u00e9rative dans le but de cr\u00e9er une industrie textile artisanale viable pour aider \u00e0 soutenir l'\u00e9conomie locale face au changement climatique et \u00e0 l'ins\u00e9curit\u00e9 mondiale. \u00a0Tout notre coton est cultiv\u00e9, fil\u00e9 et tiss\u00e9 au Mali. Inspir\u00e9s par la culture cotonni\u00e8re ancestrale du Mali, les teinturiers indigo du mythique pays Dogon cr\u00e9ent des tissus \u00e0 la fois beaux et respectueux de l'environnement.<\/p>\n<p class=\"translation-block\">Le CAPID travaille avec des designers, couturi\u00e8res et tailleurs africains pour produire la marque unique <em>IndigoDogon<\/em> de mode et de textiles innovants pour la maison, en utilisant des tissus et des m\u00e9thodes \u00e9co-responsables.<\/p>\n<p>Nous r\u00e9utilisons les d\u00e9chets pour cr\u00e9er des accessoires et ne stockons ni ne surproduisons pour \u00e9viter le gaspillage.<\/p>\n<p>Le tissu est un moyen d\u2019expression personnelle, refl\u00e9tant la personnalit\u00e9 et l\u2019identit\u00e9 de celui qui le porte. Notre gamme de v\u00eatements modernes et traditionnels offre quelque chose pour tous les go\u00fbts et toutes les personnalit\u00e9s.<\/p>\n<p>Le CAPID travaille en collaboration avec le Centre Indigo Dogon pour proposer des ateliers de formation et promouvoir et commercialiser nos textiles. Notre coop\u00e9rative a nou\u00e9 des liens avec des designers aux \u00c9tats-Unis, au Canada et en Europe qui apportent leur contribution et leur inspiration et qui sont int\u00e9ress\u00e9s \u00e0 travailler avec nos tissus artisanaux traditionnels.<\/p>\n\n\t\t<\/div>\n\t<\/div>\n<\/div><\/div><\/div><div class=\"wpb_column vc_column_container vc_col-sm-6\"><div class=\"vc_column-inner\"><div class=\"wpb_wrapper\">\n\t<div id=\"atraditional\" class=\"wpb_single_image wpb_content_element vc_align_center  vc_custom_1698227424495\">\n\t\t\n\t\t<figure class=\"wpb_wrapper vc_figure\">\n\t\t\t<div class=\"vc_single_image-wrapper   vc_box_border_grey\"><img loading=\"lazy\" decoding=\"async\" width=\"768\" height=\"1024\" src=\"https:\/\/indigodogon.com\/wp-content\/uploads\/2023\/06\/teinturiere.-et-enfant-au-Centre-page-daccueil-768x1024.jpeg\" class=\"vc_single_image-img attachment-large\" alt=\"\" title=\"teinturiere. et enfant au Centre page d&#039;accueil\" srcset=\"https:\/\/indigodogon.com\/wp-content\/uploads\/2023\/06\/teinturiere.-et-enfant-au-Centre-page-daccueil-768x1024.jpeg 768w, https:\/\/indigodogon.com\/wp-content\/uploads\/2023\/06\/teinturiere.-et-enfant-au-Centre-page-daccueil-225x300.jpeg 225w, https:\/\/indigodogon.com\/wp-content\/uploads\/2023\/06\/teinturiere.-et-enfant-au-Centre-page-daccueil-1152x1536.jpeg 1152w, https:\/\/indigodogon.com\/wp-content\/uploads\/2023\/06\/teinturiere.-et-enfant-au-Centre-page-daccueil-1536x2048.jpeg 1536w, https:\/\/indigodogon.com\/wp-content\/uploads\/2023\/06\/teinturiere.-et-enfant-au-Centre-page-daccueil-scaled.jpeg 1920w\" sizes=\"auto, (max-width: 768px) 100vw, 768px\" \/><\/div>\n\t\t<\/figure>\n\t<\/div>\n<\/div><\/div><\/div><\/div>","protected":false},"excerpt":{"rendered":"THE INDIGO DOGON BOUTIQUEWomen\u2019s dresses &amp; skirts Women\u2019s pants, jackets, ensembles Men\u2019s shirts &amp; tunics Children and teens Scarves &amp; Shawls Textiles A TRADITIONAL CRAFT HANDED DOWN FROM MOTHER TO DAUGHTER AND SON THE CAPID is a cooperative of experienced indigo dyers and young artisans working to preserve traditional textile designs and techniques while innovating<p class=\"link-more\"><a href=\"https:\/\/indigodogon.com\/fr\/\" class=\"more-link\"><span>Read More<\/span><span class=\"meta-nav\">&#8594;<\/span><\/a><\/p>","protected":false},"author":1,"featured_media":0,"parent":0,"menu_order":0,"comment_status":"closed","ping_status":"closed","template":"","meta":{"footnotes":""},"class_list":["post-3134","page","type-page","status-publish","hentry"],"_links":{"self":[{"href":"https:\/\/indigodogon.com\/fr\/wp-json\/wp\/v2\/pages\/3134","targetHints":{"allow":["GET"]}}],"collection":[{"href":"https:\/\/indigodogon.com\/fr\/wp-json\/wp\/v2\/pages"}],"about":[{"href":"https:\/\/indigodogon.com\/fr\/wp-json\/wp\/v2\/types\/page"}],"author":[{"embeddable":true,"href":"https:\/\/indigodogon.com\/fr\/wp-json\/wp\/v2\/users\/1"}],"replies":[{"embeddable":true,"href":"https:\/\/indigodogon.com\/fr\/wp-json\/wp\/v2\/comments?post=3134"}],"version-history":[{"count":169,"href":"https:\/\/indigodogon.com\/fr\/wp-json\/wp\/v2\/pages\/3134\/revisions"}],"predecessor-version":[{"id":6770,"href":"https:\/\/indigodogon.com\/fr\/wp-json\/wp\/v2\/pages\/3134\/revisions\/6770"}],"wp:attachment":[{"href":"https:\/\/indigodogon.com\/fr\/wp-json\/wp\/v2\/media?parent=3134"}],"curies":[{"name":"wp","href":"https:\/\/api.w.org\/{rel}","templated":true}]}}